{"id":6238,"date":"2024-04-15T13:50:42","date_gmt":"2024-04-15T11:50:42","guid":{"rendered":"https:\/\/migaloohome.com\/?page_id=6238"},"modified":"2024-04-15T13:54:43","modified_gmt":"2024-04-15T11:54:43","slug":"a-business-focused-circular-economy-forum","status":"publish","type":"page","link":"https:\/\/migaloohome.com\/en\/a-business-focused-circular-economy-forum\/","title":{"rendered":"A Business-Focused Circular Economy Forum"},"content":{"rendered":"<div class=\"wpb-content-wrapper\"><p>[vc_row type=&#8221;boxed&#8221;][vc_column width=&#8221;5\/6&#8243; offset=&#8221;vc_col-sm-offset-1&#8243;][vc_empty_space height=&#8221;47px&#8221;][vc_column_text]<\/p>\n<h2>A Business-Focused Circular Economy Forum<br \/>\n<\/h2>\n<p>[\/vc_column_text][\/vc_column][\/vc_row][vc_row type=&#8221;boxed&#8221;][vc_column][vc_empty_space height=&#8221;43px&#8221;]\r\n\t\t\t<div class=\"nm-banner content-full image-type-fluid text-color-dark subtitle-below\" style=\"\"><img loading=\"lazy\" decoding=\"async\" src=\"https:\/\/migaloohome.com\/wp-content\/uploads\/2024\/04\/baner-targi2-copy.webp\" width=\"1920\" height=\"812\" alt=\"baner targi2 copy\" \/>\r\n\t\t\t<\/div>[vc_empty_space height=&#8221;47px&#8221;][\/vc_column][\/vc_row][vc_row type=&#8221;boxed&#8221;][vc_column][vc_column_text]<span style=\"font-weight: 400;\">Migaloo Home is going to Copenhagen! We are very excited to announce our participation in this year&#8217;s LOOP Forum fair already on April 24 and 25.<\/span><\/p>\n<p><span style=\"font-weight: 400;\">Together with other Polish brands, thanks to the invitation of the Polish Investment and Trade Agency, we will be able to present ourselves among a variety of innovative solutions promoting green technologies. The fair will be about supporting the idea of Circular Design and will present activities in the mainstream of the event: Reduce-Reuse-Recycle.<\/span><\/p>\n<p><span style=\"font-weight: 400;\">We are particularly proud that we will be able to show the world the potential of our N\u00d8D series and share our mission. As you know with us, design and ecology have always gone hand in hand, so we can&#8217;t wait to show the results of our work in Denmark.<\/span>[\/vc_column_text][\/vc_column][\/vc_row][vc_row][vc_column][vc_empty_space height=&#8221;60&#8243;][\/vc_column][\/vc_row]<\/p>\n<\/div>","protected":false},"excerpt":{"rendered":"<p>[vc_row type=&#8221;boxed&#8221;][vc_column width=&#8221;5\/6&#8243; offset=&#8221;vc_col-sm-offset-1&#8243;][vc_empty_space height=&#8221;47px&#8221;][vc_column_text] A Business-Focused Circular Economy Forum [\/vc_column_text][\/vc_column][\/vc_row][vc_row type=&#8221;boxed&#8221;][vc_column][vc_empty_space height=&#8221;43px&#8221;][vc_empty_space height=&#8221;47px&#8221;][\/vc_column][\/vc_row][vc_row type=&#8221;boxed&#8221;][vc_column][vc_column_text]Migaloo Home is going to Copenhagen! We are very excited to announce our participation in this year&#8217;s LOOP Forum fair already on April 24 and 25. Together with other Polish brands, thanks to the invitation of the Polish Investment and Trade &hellip;<\/p>\n","protected":false},"author":1,"featured_media":0,"parent":0,"menu_order":0,"comment_status":"closed","ping_status":"closed","template":"","meta":{"_acf_changed":false,"inline_featured_image":false,"footnotes":""},"class_list":["post-6238","page","type-page","status-publish","hentry"],"acf":[],"yoast_head":"<!-- This site is optimized with the Yoast SEO plugin v24.6 - https:\/\/yoast.com\/wordpress\/plugins\/seo\/ -->\n<title>Poznaj Migaloo Home | manufaktura ekologicznych p\u0142yt meblowych<\/title>\n<meta name=\"description\" content=\"wykonujemy panele meblowe, blaty sto\u0142\u00f3w na podstawie patent\u00f3w w\u0142asnych, manufaktura p\u0142yt meblowych produkowanych w duchu zero waste\" \/>\n<meta name=\"robots\" content=\"index, follow, max-snippet:-1, max-image-preview:large, max-video-preview:-1\" \/>\n<link rel=\"canonical\" href=\"https:\/\/migaloohome.com\/en\/a-business-focused-circular-economy-forum\/\" \/>\n<meta property=\"og:locale\" content=\"en_US\" \/>\n<meta property=\"og:type\" content=\"article\" \/>\n<meta property=\"og:title\" content=\"Poznaj Migaloo Home | manufaktura ekologicznych p\u0142yt meblowych\" \/>\n<meta property=\"og:description\" content=\"wykonujemy panele meblowe, blaty sto\u0142\u00f3w na podstawie patent\u00f3w w\u0142asnych, manufaktura p\u0142yt meblowych produkowanych w duchu zero waste\" \/>\n<meta property=\"og:url\" content=\"https:\/\/migaloohome.com\/en\/a-business-focused-circular-economy-forum\/\" \/>\n<meta property=\"og:site_name\" content=\"Migaloo Home\" \/>\n<meta property=\"article:modified_time\" content=\"2024-04-15T11:54:43+00:00\" \/>\n<meta name=\"twitter:card\" content=\"summary_large_image\" \/>\n<meta name=\"twitter:label1\" content=\"Est. reading time\" \/>\n\t<meta name=\"twitter:data1\" content=\"1 minute\" \/>\n<script type=\"application\/ld+json\" class=\"yoast-schema-graph\">{\"@context\":\"https:\/\/schema.org\",\"@graph\":[{\"@type\":\"WebPage\",\"@id\":\"https:\/\/migaloohome.com\/en\/a-business-focused-circular-economy-forum\/\",\"url\":\"https:\/\/migaloohome.com\/en\/a-business-focused-circular-economy-forum\/\",\"name\":\"Poznaj Migaloo Home | manufaktura ekologicznych p\u0142yt meblowych\",\"isPartOf\":{\"@id\":\"https:\/\/migaloohome.com\/#website\"},\"datePublished\":\"2024-04-15T11:50:42+00:00\",\"dateModified\":\"2024-04-15T11:54:43+00:00\",\"description\":\"wykonujemy panele meblowe, blaty sto\u0142\u00f3w na podstawie patent\u00f3w w\u0142asnych, manufaktura p\u0142yt meblowych produkowanych w duchu zero waste\",\"breadcrumb\":{\"@id\":\"https:\/\/migaloohome.com\/en\/a-business-focused-circular-economy-forum\/#breadcrumb\"},\"inLanguage\":\"en-US\",\"potentialAction\":[{\"@type\":\"ReadAction\",\"target\":[\"https:\/\/migaloohome.com\/en\/a-business-focused-circular-economy-forum\/\"]}]},{\"@type\":\"BreadcrumbList\",\"@id\":\"https:\/\/migaloohome.com\/en\/a-business-focused-circular-economy-forum\/#breadcrumb\",\"itemListElement\":[{\"@type\":\"ListItem\",\"position\":1,\"name\":\"Strona g\u0142\u00f3wna\",\"item\":\"https:\/\/migaloohome.com\/en\/\"},{\"@type\":\"ListItem\",\"position\":2,\"name\":\"A Business-Focused Circular Economy Forum\"}]},{\"@type\":\"WebSite\",\"@id\":\"https:\/\/migaloohome.com\/#website\",\"url\":\"https:\/\/migaloohome.com\/\",\"name\":\"Migaloo Home\",\"description\":\"Sophisticated interior design for home and public space. Unique, elegant, high quality furniture, lighting and other. Discover Migaloo Home Design.\",\"potentialAction\":[{\"@type\":\"SearchAction\",\"target\":{\"@type\":\"EntryPoint\",\"urlTemplate\":\"https:\/\/migaloohome.com\/?s={search_term_string}\"},\"query-input\":{\"@type\":\"PropertyValueSpecification\",\"valueRequired\":true,\"valueName\":\"search_term_string\"}}],\"inLanguage\":\"en-US\"}]}<\/script>\n<!-- \/ Yoast SEO plugin. -->","yoast_head_json":{"title":"Poznaj Migaloo Home | manufaktura ekologicznych p\u0142yt meblowych","description":"wykonujemy panele meblowe, blaty sto\u0142\u00f3w na podstawie patent\u00f3w w\u0142asnych, manufaktura p\u0142yt meblowych produkowanych w duchu zero waste","robots":{"index":"index","follow":"follow","max-snippet":"max-snippet:-1","max-image-preview":"max-image-preview:large","max-video-preview":"max-video-preview:-1"},"canonical":"https:\/\/migaloohome.com\/en\/a-business-focused-circular-economy-forum\/","og_locale":"en_US","og_type":"article","og_title":"Poznaj Migaloo Home | manufaktura ekologicznych p\u0142yt meblowych","og_description":"wykonujemy panele meblowe, blaty sto\u0142\u00f3w na podstawie patent\u00f3w w\u0142asnych, manufaktura p\u0142yt meblowych produkowanych w duchu zero waste","og_url":"https:\/\/migaloohome.com\/en\/a-business-focused-circular-economy-forum\/","og_site_name":"Migaloo Home","article_modified_time":"2024-04-15T11:54:43+00:00","twitter_card":"summary_large_image","twitter_misc":{"Est. reading time":"1 minute"},"schema":{"@context":"https:\/\/schema.org","@graph":[{"@type":"WebPage","@id":"https:\/\/migaloohome.com\/en\/a-business-focused-circular-economy-forum\/","url":"https:\/\/migaloohome.com\/en\/a-business-focused-circular-economy-forum\/","name":"Poznaj Migaloo Home | manufaktura ekologicznych p\u0142yt meblowych","isPartOf":{"@id":"https:\/\/migaloohome.com\/#website"},"datePublished":"2024-04-15T11:50:42+00:00","dateModified":"2024-04-15T11:54:43+00:00","description":"wykonujemy panele meblowe, blaty sto\u0142\u00f3w na podstawie patent\u00f3w w\u0142asnych, manufaktura p\u0142yt meblowych produkowanych w duchu zero waste","breadcrumb":{"@id":"https:\/\/migaloohome.com\/en\/a-business-focused-circular-economy-forum\/#breadcrumb"},"inLanguage":"en-US","potentialAction":[{"@type":"ReadAction","target":["https:\/\/migaloohome.com\/en\/a-business-focused-circular-economy-forum\/"]}]},{"@type":"BreadcrumbList","@id":"https:\/\/migaloohome.com\/en\/a-business-focused-circular-economy-forum\/#breadcrumb","itemListElement":[{"@type":"ListItem","position":1,"name":"Strona g\u0142\u00f3wna","item":"https:\/\/migaloohome.com\/en\/"},{"@type":"ListItem","position":2,"name":"A Business-Focused Circular Economy Forum"}]},{"@type":"WebSite","@id":"https:\/\/migaloohome.com\/#website","url":"https:\/\/migaloohome.com\/","name":"Migaloo Home","description":"Sophisticated interior design for home and public space. Unique, elegant, high quality furniture, lighting and other. Discover Migaloo Home Design.","potentialAction":[{"@type":"SearchAction","target":{"@type":"EntryPoint","urlTemplate":"https:\/\/migaloohome.com\/?s={search_term_string}"},"query-input":{"@type":"PropertyValueSpecification","valueRequired":true,"valueName":"search_term_string"}}],"inLanguage":"en-US"}]}},"_links":{"self":[{"href":"https:\/\/migaloohome.com\/en\/wp-json\/wp\/v2\/pages\/6238","targetHints":{"allow":["GET"]}}],"collection":[{"href":"https:\/\/migaloohome.com\/en\/wp-json\/wp\/v2\/pages"}],"about":[{"href":"https:\/\/migaloohome.com\/en\/wp-json\/wp\/v2\/types\/page"}],"author":[{"embeddable":true,"href":"https:\/\/migaloohome.com\/en\/wp-json\/wp\/v2\/users\/1"}],"replies":[{"embeddable":true,"href":"https:\/\/migaloohome.com\/en\/wp-json\/wp\/v2\/comments?post=6238"}],"version-history":[{"count":6,"href":"https:\/\/migaloohome.com\/en\/wp-json\/wp\/v2\/pages\/6238\/revisions"}],"predecessor-version":[{"id":6246,"href":"https:\/\/migaloohome.com\/en\/wp-json\/wp\/v2\/pages\/6238\/revisions\/6246"}],"wp:attachment":[{"href":"https:\/\/migaloohome.com\/en\/wp-json\/wp\/v2\/media?parent=6238"}],"curies":[{"name":"wp","href":"https:\/\/api.w.org\/{rel}","templated":true}]}}