{"id":6407,"date":"2024-10-20T22:05:02","date_gmt":"2024-10-20T20:05:02","guid":{"rendered":"https:\/\/migaloohome.com\/?page_id=6407"},"modified":"2024-10-24T15:27:16","modified_gmt":"2024-10-24T13:27:16","slug":"recycling-workshop","status":"publish","type":"page","link":"https:\/\/migaloohome.com\/en\/recycling-workshop\/","title":{"rendered":"Recycling workshop"},"content":{"rendered":"<div class=\"wpb-content-wrapper\"><p>[vc_row css=&#8221;.vc_custom_1729776419935{margin-top: 40px !important;}&#8221;][vc_column][vc_column_text]On October 10, 2024, as part of the Polish Brands Festival at Klif in Gdynia, a recycling workshop was held, led by Monika B\u0142aszkowska, the founder of Migaloo Home. The workshop, focused on creative upcycling of waste, attracted significant interest. Monika B\u0142aszkowska, known for her commitment to sustainable development and eco-friendly production, presented various techniques that can be used to give a second life to items that would typically be discarded.<\/p>\n<p>During the workshop, participants learned how to repurpose materials such as walnut shells, cork, old wallpaper, and clothing to create new, functional products. However, the highlight of the event was the innovative material called Plastryko \u2013 a layered board, with one layer made of recycled plastic. This eco-friendly material was the focal point of the workshop, and attendees had the opportunity to create their own samples, customized to their personal preferences.<\/p>\n<p>Migaloo Home, a business partner of Tempur Klif Gdynia, once again demonstrated that eco-consciousness and sustainable development are not just trends but the future of responsible design. The workshop was an inspiring event for all those looking to create with respect for the natural environment.[\/vc_column_text][\/vc_column][\/vc_row][vc_row css=&#8221;.vc_custom_1729776434297{margin-top: 30px !important;}&#8221;][vc_column width=&#8221;1\/2&#8243;][vc_single_image image=&#8221;6390&#8243; img_size=&#8221;full&#8221;][\/vc_column][vc_column width=&#8221;1\/2&#8243;][vc_single_image image=&#8221;6388&#8243; img_size=&#8221;full&#8221;][\/vc_column][\/vc_row]<\/p>\n<\/div>","protected":false},"excerpt":{"rendered":"<p>[vc_row css=&#8221;.vc_custom_1729776419935{margin-top: 40px !important;}&#8221;][vc_column][vc_column_text]On October 10, 2024, as part of the Polish Brands Festival at Klif in Gdynia, a recycling workshop was held, led by Monika B\u0142aszkowska, the founder of Migaloo Home. The workshop, focused on creative upcycling of waste, attracted significant interest. Monika B\u0142aszkowska, known for her commitment to sustainable development and eco-friendly production, &hellip;<\/p>\n","protected":false},"author":1,"featured_media":6384,"parent":0,"menu_order":0,"comment_status":"closed","ping_status":"closed","template":"","meta":{"_acf_changed":false,"inline_featured_image":false,"footnotes":""},"class_list":["post-6407","page","type-page","status-publish","has-post-thumbnail","hentry"],"acf":[],"yoast_head":"<!-- This site is optimized with the Yoast SEO plugin v24.6 - https:\/\/yoast.com\/wordpress\/plugins\/seo\/ -->\n<title>Recycling workshop - Migaloo Home<\/title>\n<meta name=\"robots\" content=\"index, follow, max-snippet:-1, max-image-preview:large, max-video-preview:-1\" \/>\n<link rel=\"canonical\" href=\"https:\/\/migaloohome.com\/en\/recycling-workshop\/\" \/>\n<meta property=\"og:locale\" content=\"en_US\" \/>\n<meta property=\"og:type\" content=\"article\" \/>\n<meta property=\"og:title\" content=\"Recycling workshop - Migaloo Home\" \/>\n<meta property=\"og:description\" content=\"[vc_row css=&#8221;.vc_custom_1729776419935{margin-top: 40px !important;}&#8221;][vc_column][vc_column_text]On October 10, 2024, as part of the Polish Brands Festival at Klif in Gdynia, a recycling workshop was held, led by Monika B\u0142aszkowska, the founder of Migaloo Home. The workshop, focused on creative upcycling of waste, attracted significant interest. Monika B\u0142aszkowska, known for her commitment to sustainable development and eco-friendly production, &hellip;\" \/>\n<meta property=\"og:url\" content=\"https:\/\/migaloohome.com\/en\/recycling-workshop\/\" \/>\n<meta property=\"og:site_name\" content=\"Migaloo Home\" \/>\n<meta property=\"article:modified_time\" content=\"2024-10-24T13:27:16+00:00\" \/>\n<meta property=\"og:image\" content=\"https:\/\/migaloohome.com\/wp-content\/uploads\/2024\/10\/KLIF-GDYNIA-Klif-Design-Days-3-warsztaty-FB-Tempur2-1.jpg\" \/>\n\t<meta property=\"og:image:width\" content=\"1080\" \/>\n\t<meta property=\"og:image:height\" content=\"1080\" \/>\n\t<meta property=\"og:image:type\" content=\"image\/jpeg\" \/>\n<meta name=\"twitter:card\" content=\"summary_large_image\" \/>\n<meta name=\"twitter:label1\" content=\"Est. reading time\" \/>\n\t<meta name=\"twitter:data1\" content=\"2 minutes\" \/>\n<script type=\"application\/ld+json\" class=\"yoast-schema-graph\">{\"@context\":\"https:\/\/schema.org\",\"@graph\":[{\"@type\":\"WebPage\",\"@id\":\"https:\/\/migaloohome.com\/en\/recycling-workshop\/\",\"url\":\"https:\/\/migaloohome.com\/en\/recycling-workshop\/\",\"name\":\"Recycling workshop - Migaloo Home\",\"isPartOf\":{\"@id\":\"https:\/\/migaloohome.com\/#website\"},\"primaryImageOfPage\":{\"@id\":\"https:\/\/migaloohome.com\/en\/recycling-workshop\/#primaryimage\"},\"image\":{\"@id\":\"https:\/\/migaloohome.com\/en\/recycling-workshop\/#primaryimage\"},\"thumbnailUrl\":\"https:\/\/migaloohome.com\/wp-content\/uploads\/2024\/10\/KLIF-GDYNIA-Klif-Design-Days-3-warsztaty-FB-Tempur2-1.jpg\",\"datePublished\":\"2024-10-20T20:05:02+00:00\",\"dateModified\":\"2024-10-24T13:27:16+00:00\",\"breadcrumb\":{\"@id\":\"https:\/\/migaloohome.com\/en\/recycling-workshop\/#breadcrumb\"},\"inLanguage\":\"en-US\",\"potentialAction\":[{\"@type\":\"ReadAction\",\"target\":[\"https:\/\/migaloohome.com\/en\/recycling-workshop\/\"]}]},{\"@type\":\"ImageObject\",\"inLanguage\":\"en-US\",\"@id\":\"https:\/\/migaloohome.com\/en\/recycling-workshop\/#primaryimage\",\"url\":\"https:\/\/migaloohome.com\/wp-content\/uploads\/2024\/10\/KLIF-GDYNIA-Klif-Design-Days-3-warsztaty-FB-Tempur2-1.jpg\",\"contentUrl\":\"https:\/\/migaloohome.com\/wp-content\/uploads\/2024\/10\/KLIF-GDYNIA-Klif-Design-Days-3-warsztaty-FB-Tempur2-1.jpg\",\"width\":1080,\"height\":1080,\"caption\":\"Monika B\u0142aszkowska za\u0142o\u017cycielka marki Migaloo home\"},{\"@type\":\"BreadcrumbList\",\"@id\":\"https:\/\/migaloohome.com\/en\/recycling-workshop\/#breadcrumb\",\"itemListElement\":[{\"@type\":\"ListItem\",\"position\":1,\"name\":\"Strona g\u0142\u00f3wna\",\"item\":\"https:\/\/migaloohome.com\/en\/\"},{\"@type\":\"ListItem\",\"position\":2,\"name\":\"Recycling workshop\"}]},{\"@type\":\"WebSite\",\"@id\":\"https:\/\/migaloohome.com\/#website\",\"url\":\"https:\/\/migaloohome.com\/\",\"name\":\"Migaloo Home\",\"description\":\"Sophisticated interior design for home and public space. Unique, elegant, high quality furniture, lighting and other. Discover Migaloo Home Design.\",\"potentialAction\":[{\"@type\":\"SearchAction\",\"target\":{\"@type\":\"EntryPoint\",\"urlTemplate\":\"https:\/\/migaloohome.com\/?s={search_term_string}\"},\"query-input\":{\"@type\":\"PropertyValueSpecification\",\"valueRequired\":true,\"valueName\":\"search_term_string\"}}],\"inLanguage\":\"en-US\"}]}<\/script>\n<!-- \/ Yoast SEO plugin. -->","yoast_head_json":{"title":"Recycling workshop - Migaloo Home","robots":{"index":"index","follow":"follow","max-snippet":"max-snippet:-1","max-image-preview":"max-image-preview:large","max-video-preview":"max-video-preview:-1"},"canonical":"https:\/\/migaloohome.com\/en\/recycling-workshop\/","og_locale":"en_US","og_type":"article","og_title":"Recycling workshop - Migaloo Home","og_description":"[vc_row css=&#8221;.vc_custom_1729776419935{margin-top: 40px !important;}&#8221;][vc_column][vc_column_text]On October 10, 2024, as part of the Polish Brands Festival at Klif in Gdynia, a recycling workshop was held, led by Monika B\u0142aszkowska, the founder of Migaloo Home. The workshop, focused on creative upcycling of waste, attracted significant interest. Monika B\u0142aszkowska, known for her commitment to sustainable development and eco-friendly production, &hellip;","og_url":"https:\/\/migaloohome.com\/en\/recycling-workshop\/","og_site_name":"Migaloo Home","article_modified_time":"2024-10-24T13:27:16+00:00","og_image":[{"width":1080,"height":1080,"url":"https:\/\/migaloohome.com\/wp-content\/uploads\/2024\/10\/KLIF-GDYNIA-Klif-Design-Days-3-warsztaty-FB-Tempur2-1.jpg","type":"image\/jpeg"}],"twitter_card":"summary_large_image","twitter_misc":{"Est. reading time":"2 minutes"},"schema":{"@context":"https:\/\/schema.org","@graph":[{"@type":"WebPage","@id":"https:\/\/migaloohome.com\/en\/recycling-workshop\/","url":"https:\/\/migaloohome.com\/en\/recycling-workshop\/","name":"Recycling workshop - Migaloo Home","isPartOf":{"@id":"https:\/\/migaloohome.com\/#website"},"primaryImageOfPage":{"@id":"https:\/\/migaloohome.com\/en\/recycling-workshop\/#primaryimage"},"image":{"@id":"https:\/\/migaloohome.com\/en\/recycling-workshop\/#primaryimage"},"thumbnailUrl":"https:\/\/migaloohome.com\/wp-content\/uploads\/2024\/10\/KLIF-GDYNIA-Klif-Design-Days-3-warsztaty-FB-Tempur2-1.jpg","datePublished":"2024-10-20T20:05:02+00:00","dateModified":"2024-10-24T13:27:16+00:00","breadcrumb":{"@id":"https:\/\/migaloohome.com\/en\/recycling-workshop\/#breadcrumb"},"inLanguage":"en-US","potentialAction":[{"@type":"ReadAction","target":["https:\/\/migaloohome.com\/en\/recycling-workshop\/"]}]},{"@type":"ImageObject","inLanguage":"en-US","@id":"https:\/\/migaloohome.com\/en\/recycling-workshop\/#primaryimage","url":"https:\/\/migaloohome.com\/wp-content\/uploads\/2024\/10\/KLIF-GDYNIA-Klif-Design-Days-3-warsztaty-FB-Tempur2-1.jpg","contentUrl":"https:\/\/migaloohome.com\/wp-content\/uploads\/2024\/10\/KLIF-GDYNIA-Klif-Design-Days-3-warsztaty-FB-Tempur2-1.jpg","width":1080,"height":1080,"caption":"Monika B\u0142aszkowska za\u0142o\u017cycielka marki Migaloo home"},{"@type":"BreadcrumbList","@id":"https:\/\/migaloohome.com\/en\/recycling-workshop\/#breadcrumb","itemListElement":[{"@type":"ListItem","position":1,"name":"Strona g\u0142\u00f3wna","item":"https:\/\/migaloohome.com\/en\/"},{"@type":"ListItem","position":2,"name":"Recycling workshop"}]},{"@type":"WebSite","@id":"https:\/\/migaloohome.com\/#website","url":"https:\/\/migaloohome.com\/","name":"Migaloo Home","description":"Sophisticated interior design for home and public space. Unique, elegant, high quality furniture, lighting and other. Discover Migaloo Home Design.","potentialAction":[{"@type":"SearchAction","target":{"@type":"EntryPoint","urlTemplate":"https:\/\/migaloohome.com\/?s={search_term_string}"},"query-input":{"@type":"PropertyValueSpecification","valueRequired":true,"valueName":"search_term_string"}}],"inLanguage":"en-US"}]}},"_links":{"self":[{"href":"https:\/\/migaloohome.com\/en\/wp-json\/wp\/v2\/pages\/6407","targetHints":{"allow":["GET"]}}],"collection":[{"href":"https:\/\/migaloohome.com\/en\/wp-json\/wp\/v2\/pages"}],"about":[{"href":"https:\/\/migaloohome.com\/en\/wp-json\/wp\/v2\/types\/page"}],"author":[{"embeddable":true,"href":"https:\/\/migaloohome.com\/en\/wp-json\/wp\/v2\/users\/1"}],"replies":[{"embeddable":true,"href":"https:\/\/migaloohome.com\/en\/wp-json\/wp\/v2\/comments?post=6407"}],"version-history":[{"count":5,"href":"https:\/\/migaloohome.com\/en\/wp-json\/wp\/v2\/pages\/6407\/revisions"}],"predecessor-version":[{"id":6415,"href":"https:\/\/migaloohome.com\/en\/wp-json\/wp\/v2\/pages\/6407\/revisions\/6415"}],"wp:featuredmedia":[{"embeddable":true,"href":"https:\/\/migaloohome.com\/en\/wp-json\/wp\/v2\/media\/6384"}],"wp:attachment":[{"href":"https:\/\/migaloohome.com\/en\/wp-json\/wp\/v2\/media?parent=6407"}],"curies":[{"name":"wp","href":"https:\/\/api.w.org\/{rel}","templated":true}]}}