{"id":6584,"date":"2025-04-09T08:33:02","date_gmt":"2025-04-09T06:33:02","guid":{"rendered":"https:\/\/migaloohome.com\/?page_id=6584"},"modified":"2025-04-09T09:15:38","modified_gmt":"2025-04-09T07:15:38","slug":"bathroom-with-a-plastryko-countertop-by-migaloo-home","status":"publish","type":"page","link":"https:\/\/migaloohome.com\/en\/bathroom-with-a-plastryko-countertop-by-migaloo-home\/","title":{"rendered":"Bathroom with a Plastryko countertop by Migaloo Home."},"content":{"rendered":"<div class=\"wpb-content-wrapper\"><p>[vc_row type=&#8221;boxed&#8221;][vc_column width=&#8221;5\/6&#8243; offset=&#8221;vc_col-sm-offset-1&#8243;][vc_empty_space height=&#8221;47px&#8221;][vc_column_text css=&#8221;&#8221;]<\/p>\n<h2>Bathroom with a Plastryko countertop by Migaloo Home.<\/h2>\n<p>[\/vc_column_text][vc_empty_space height=&#8221;47px&#8221;][vc_column_text css=&#8221;&#8221;]<\/p>\n<div>Bathroom countertops made from Migaloo home artistic boards provide a surface that perfectly fulfills its functions. The surface is water-resistant, non-absorbent, and does not accumulate stone. It can be easily restored using sandpaper (for self-renovation without the use of machines).<\/div>\n<div><\/div>\n<div>If a heavy perfume bottle falls on the countertop, it won&#8217;t shatter like glass\u2014meaning there won&#8217;t be a &#8220;spider web&#8221; effect, but rather a localized damage that can be easily repaired using a two-component transparent adhesive. The base under the countertop in the photo is moisture-resistant HPL.<\/div>\n<div><\/div>\n<div>To create this surface, ground bottle caps were used\u2014approximately 2 liters. The entire setup functions in a public space, serving as the bathroom countertop for the popular restaurant with Spanish tapas: @Barcelonetta.<\/div>\n<p>[\/vc_column_text][\/vc_column][\/vc_row][vc_row css=&#8221;.vc_custom_1744116890822{margin-top: 40px !important;}&#8221;][vc_column width=&#8221;1\/3&#8243;][vc_single_image image=&#8221;6586&#8243; img_size=&#8221;full&#8221;][\/vc_column][vc_column width=&#8221;1\/3&#8243;][vc_single_image image=&#8221;6588&#8243; img_size=&#8221;full&#8221;][\/vc_column][vc_column width=&#8221;1\/3&#8243;][vc_single_image image=&#8221;6606&#8243; img_size=&#8221;full&#8221;][\/vc_column][\/vc_row][vc_row css=&#8221;.vc_custom_1743158897295{margin-top: 40px !important;}&#8221;][vc_column][\/vc_column][\/vc_row]<\/p>\n<\/div>","protected":false},"excerpt":{"rendered":"<p>[vc_row type=&#8221;boxed&#8221;][vc_column width=&#8221;5\/6&#8243; offset=&#8221;vc_col-sm-offset-1&#8243;][vc_empty_space height=&#8221;47px&#8221;][vc_column_text css=&#8221;&#8221;] Bathroom with a Plastryko countertop by Migaloo Home. [\/vc_column_text][vc_empty_space height=&#8221;47px&#8221;][vc_column_text css=&#8221;&#8221;] Bathroom countertops made from Migaloo home artistic boards provide a surface that perfectly fulfills its functions. The surface is water-resistant, non-absorbent, and does not accumulate stone. It can be easily restored using sandpaper (for self-renovation without the use &hellip;<\/p>\n","protected":false},"author":1,"featured_media":0,"parent":0,"menu_order":0,"comment_status":"closed","ping_status":"closed","template":"","meta":{"_acf_changed":false,"inline_featured_image":false,"footnotes":""},"class_list":["post-6584","page","type-page","status-publish","hentry"],"acf":[],"yoast_head":"<!-- This site is optimized with the Yoast SEO plugin v24.6 - https:\/\/yoast.com\/wordpress\/plugins\/seo\/ -->\n<title>Poznaj Migaloo Home | manufaktura ekologicznych p\u0142yt meblowych<\/title>\n<meta name=\"description\" content=\"wykonujemy panele meblowe, blaty sto\u0142\u00f3w na podstawie patent\u00f3w w\u0142asnych, manufaktura p\u0142yt meblowych produkowanych w duchu zero waste\" \/>\n<meta name=\"robots\" content=\"index, follow, max-snippet:-1, max-image-preview:large, max-video-preview:-1\" \/>\n<link rel=\"canonical\" href=\"https:\/\/migaloohome.com\/en\/bathroom-with-a-plastryko-countertop-by-migaloo-home\/\" \/>\n<meta property=\"og:locale\" content=\"en_US\" \/>\n<meta property=\"og:type\" content=\"article\" \/>\n<meta property=\"og:title\" content=\"Poznaj Migaloo Home | manufaktura ekologicznych p\u0142yt meblowych\" \/>\n<meta property=\"og:description\" content=\"wykonujemy panele meblowe, blaty sto\u0142\u00f3w na podstawie patent\u00f3w w\u0142asnych, manufaktura p\u0142yt meblowych produkowanych w duchu zero waste\" \/>\n<meta property=\"og:url\" content=\"https:\/\/migaloohome.com\/en\/bathroom-with-a-plastryko-countertop-by-migaloo-home\/\" \/>\n<meta property=\"og:site_name\" content=\"Migaloo Home\" \/>\n<meta property=\"article:modified_time\" content=\"2025-04-09T07:15:38+00:00\" \/>\n<meta name=\"twitter:card\" content=\"summary_large_image\" \/>\n<meta name=\"twitter:label1\" content=\"Est. reading time\" \/>\n\t<meta name=\"twitter:data1\" content=\"1 minute\" \/>\n<script type=\"application\/ld+json\" class=\"yoast-schema-graph\">{\"@context\":\"https:\/\/schema.org\",\"@graph\":[{\"@type\":\"WebPage\",\"@id\":\"https:\/\/migaloohome.com\/en\/bathroom-with-a-plastryko-countertop-by-migaloo-home\/\",\"url\":\"https:\/\/migaloohome.com\/en\/bathroom-with-a-plastryko-countertop-by-migaloo-home\/\",\"name\":\"Poznaj Migaloo Home | manufaktura ekologicznych p\u0142yt meblowych\",\"isPartOf\":{\"@id\":\"https:\/\/migaloohome.com\/#website\"},\"datePublished\":\"2025-04-09T06:33:02+00:00\",\"dateModified\":\"2025-04-09T07:15:38+00:00\",\"description\":\"wykonujemy panele meblowe, blaty sto\u0142\u00f3w na podstawie patent\u00f3w w\u0142asnych, manufaktura p\u0142yt meblowych produkowanych w duchu zero waste\",\"breadcrumb\":{\"@id\":\"https:\/\/migaloohome.com\/en\/bathroom-with-a-plastryko-countertop-by-migaloo-home\/#breadcrumb\"},\"inLanguage\":\"en-US\",\"potentialAction\":[{\"@type\":\"ReadAction\",\"target\":[\"https:\/\/migaloohome.com\/en\/bathroom-with-a-plastryko-countertop-by-migaloo-home\/\"]}]},{\"@type\":\"BreadcrumbList\",\"@id\":\"https:\/\/migaloohome.com\/en\/bathroom-with-a-plastryko-countertop-by-migaloo-home\/#breadcrumb\",\"itemListElement\":[{\"@type\":\"ListItem\",\"position\":1,\"name\":\"Strona g\u0142\u00f3wna\",\"item\":\"https:\/\/migaloohome.com\/en\/\"},{\"@type\":\"ListItem\",\"position\":2,\"name\":\"Bathroom with a Plastryko countertop by Migaloo Home.\"}]},{\"@type\":\"WebSite\",\"@id\":\"https:\/\/migaloohome.com\/#website\",\"url\":\"https:\/\/migaloohome.com\/\",\"name\":\"Migaloo Home\",\"description\":\"Sophisticated interior design for home and public space. Unique, elegant, high quality furniture, lighting and other. Discover Migaloo Home Design.\",\"potentialAction\":[{\"@type\":\"SearchAction\",\"target\":{\"@type\":\"EntryPoint\",\"urlTemplate\":\"https:\/\/migaloohome.com\/?s={search_term_string}\"},\"query-input\":{\"@type\":\"PropertyValueSpecification\",\"valueRequired\":true,\"valueName\":\"search_term_string\"}}],\"inLanguage\":\"en-US\"}]}<\/script>\n<!-- \/ Yoast SEO plugin. -->","yoast_head_json":{"title":"Poznaj Migaloo Home | manufaktura ekologicznych p\u0142yt meblowych","description":"wykonujemy panele meblowe, blaty sto\u0142\u00f3w na podstawie patent\u00f3w w\u0142asnych, manufaktura p\u0142yt meblowych produkowanych w duchu zero waste","robots":{"index":"index","follow":"follow","max-snippet":"max-snippet:-1","max-image-preview":"max-image-preview:large","max-video-preview":"max-video-preview:-1"},"canonical":"https:\/\/migaloohome.com\/en\/bathroom-with-a-plastryko-countertop-by-migaloo-home\/","og_locale":"en_US","og_type":"article","og_title":"Poznaj Migaloo Home | manufaktura ekologicznych p\u0142yt meblowych","og_description":"wykonujemy panele meblowe, blaty sto\u0142\u00f3w na podstawie patent\u00f3w w\u0142asnych, manufaktura p\u0142yt meblowych produkowanych w duchu zero waste","og_url":"https:\/\/migaloohome.com\/en\/bathroom-with-a-plastryko-countertop-by-migaloo-home\/","og_site_name":"Migaloo Home","article_modified_time":"2025-04-09T07:15:38+00:00","twitter_card":"summary_large_image","twitter_misc":{"Est. reading time":"1 minute"},"schema":{"@context":"https:\/\/schema.org","@graph":[{"@type":"WebPage","@id":"https:\/\/migaloohome.com\/en\/bathroom-with-a-plastryko-countertop-by-migaloo-home\/","url":"https:\/\/migaloohome.com\/en\/bathroom-with-a-plastryko-countertop-by-migaloo-home\/","name":"Poznaj Migaloo Home | manufaktura ekologicznych p\u0142yt meblowych","isPartOf":{"@id":"https:\/\/migaloohome.com\/#website"},"datePublished":"2025-04-09T06:33:02+00:00","dateModified":"2025-04-09T07:15:38+00:00","description":"wykonujemy panele meblowe, blaty sto\u0142\u00f3w na podstawie patent\u00f3w w\u0142asnych, manufaktura p\u0142yt meblowych produkowanych w duchu zero waste","breadcrumb":{"@id":"https:\/\/migaloohome.com\/en\/bathroom-with-a-plastryko-countertop-by-migaloo-home\/#breadcrumb"},"inLanguage":"en-US","potentialAction":[{"@type":"ReadAction","target":["https:\/\/migaloohome.com\/en\/bathroom-with-a-plastryko-countertop-by-migaloo-home\/"]}]},{"@type":"BreadcrumbList","@id":"https:\/\/migaloohome.com\/en\/bathroom-with-a-plastryko-countertop-by-migaloo-home\/#breadcrumb","itemListElement":[{"@type":"ListItem","position":1,"name":"Strona g\u0142\u00f3wna","item":"https:\/\/migaloohome.com\/en\/"},{"@type":"ListItem","position":2,"name":"Bathroom with a Plastryko countertop by Migaloo Home."}]},{"@type":"WebSite","@id":"https:\/\/migaloohome.com\/#website","url":"https:\/\/migaloohome.com\/","name":"Migaloo Home","description":"Sophisticated interior design for home and public space. Unique, elegant, high quality furniture, lighting and other. Discover Migaloo Home Design.","potentialAction":[{"@type":"SearchAction","target":{"@type":"EntryPoint","urlTemplate":"https:\/\/migaloohome.com\/?s={search_term_string}"},"query-input":{"@type":"PropertyValueSpecification","valueRequired":true,"valueName":"search_term_string"}}],"inLanguage":"en-US"}]}},"_links":{"self":[{"href":"https:\/\/migaloohome.com\/en\/wp-json\/wp\/v2\/pages\/6584","targetHints":{"allow":["GET"]}}],"collection":[{"href":"https:\/\/migaloohome.com\/en\/wp-json\/wp\/v2\/pages"}],"about":[{"href":"https:\/\/migaloohome.com\/en\/wp-json\/wp\/v2\/types\/page"}],"author":[{"embeddable":true,"href":"https:\/\/migaloohome.com\/en\/wp-json\/wp\/v2\/users\/1"}],"replies":[{"embeddable":true,"href":"https:\/\/migaloohome.com\/en\/wp-json\/wp\/v2\/comments?post=6584"}],"version-history":[{"count":5,"href":"https:\/\/migaloohome.com\/en\/wp-json\/wp\/v2\/pages\/6584\/revisions"}],"predecessor-version":[{"id":6608,"href":"https:\/\/migaloohome.com\/en\/wp-json\/wp\/v2\/pages\/6584\/revisions\/6608"}],"wp:attachment":[{"href":"https:\/\/migaloohome.com\/en\/wp-json\/wp\/v2\/media?parent=6584"}],"curies":[{"name":"wp","href":"https:\/\/api.w.org\/{rel}","templated":true}]}}