{"id":7117,"date":"2025-08-21T15:37:52","date_gmt":"2025-08-21T13:37:52","guid":{"rendered":"https:\/\/migaloohome.com\/?page_id=7117"},"modified":"2025-09-02T09:10:08","modified_gmt":"2025-09-02T07:10:08","slug":"migaloo-home-recycling-workshop-north-goes-south-waste-we-didnt-create","status":"publish","type":"page","link":"https:\/\/migaloohome.com\/en\/migaloo-home-recycling-workshop-north-goes-south-waste-we-didnt-create\/","title":{"rendered":"Migaloo Home Recycling Workshop North Goes South \u2013 Waste We Didn\u2019t Create"},"content":{"rendered":"<div class=\"wpb-content-wrapper\"><p>[vc_row css=&#8221;.vc_custom_1729776419935{margin-top: 40px !important;}&#8221;][vc_column][vc_column_text css=&#8221;&#8221;]<\/p>\n<p data-start=\"170\" data-end=\"208\"><em data-start=\"170\" data-end=\"206\">Exhibition at Splot Gallery, Sopot<\/em><\/p>\n<p data-start=\"210\" data-end=\"685\">In September, Splot Gallery hosted the remarkable exhibition <em data-start=\"271\" data-end=\"316\">\u201cNorth Goes South \u2013 Waste We Didn\u2019t Create\u201d<\/em>, as part of the <em data-start=\"333\" data-end=\"350\">W Ramach Sopotu<\/em> Photography Festival. The city of Sopot presented works by the Ghanaian collective of artists and activists \u2013 <strong data-start=\"461\" data-end=\"476\">THE REVIVAL<\/strong>. Through photography, installations, and video, the artists highlighted the dramatic problem of the global textile waste crisis, whose consequences are particularly severe for countries of the Global South.<\/p>\n<p data-start=\"687\" data-end=\"884\">For us at Migaloo Home, this was a natural space for dialogue. Rooted in the idea of upcycling and <em data-start=\"786\" data-end=\"798\">less waste<\/em> design, we used the occasion to present a table designed by <strong data-start=\"859\" data-end=\"881\">Monika B\u0142aszkowska<\/strong>.<\/p>\n<p data-start=\"886\" data-end=\"1267\"><strong data-start=\"886\" data-end=\"914\">Table Made of New Marble<\/strong><br data-start=\"914\" data-end=\"917\" \/>This exceptional piece was crafted from <em data-start=\"957\" data-end=\"969\">New Marble<\/em> \u2013 a material resembling stone formation. Developed with Migaloo Home\u2019s patented technology, it is made from textile waste \u2013 primarily polyester and mixed fibers that are notoriously difficult to recycle. The fabric mass is bound with <em data-start=\"1204\" data-end=\"1211\">Green<\/em>, a binder that contains as much as 40% biocarbonates.<\/p>\n<p data-start=\"1269\" data-end=\"1572\">The result? A board of extraordinary aesthetics, while being lightweight, functional, and aligned with the principles of circular design. The table presented at the exhibition proves that even the most challenging waste materials can be transformed into objects of high aesthetic and functional value.<\/p>\n<p data-start=\"1574\" data-end=\"1691\"><em data-start=\"1574\" data-end=\"1689\">The photos used in this post are by THE REVIVAL, from the exhibition \u201cNorth Goes South \u2013 Waste We Didn\u2019t Create\u201d.<\/em><\/p>\n<hr data-start=\"1693\" data-end=\"1698\" \/>\n<p>[\/vc_column_text][\/vc_column][\/vc_row][vc_row css=&#8221;.vc_custom_1729776434297{margin-top: 30px !important;}&#8221;][vc_column width=&#8221;1\/2&#8243;][vc_single_image image=&#8221;7127&#8243; img_size=&#8221;full&#8221;][\/vc_column][vc_column width=&#8221;1\/2&#8243;][vc_single_image image=&#8221;7123&#8243; img_size=&#8221;full&#8221;][\/vc_column][\/vc_row][vc_row css=&#8221;.vc_custom_1729776434297{margin-top: 30px !important;}&#8221;][vc_column width=&#8221;1\/2&#8243;][vc_single_image image=&#8221;7121&#8243; img_size=&#8221;full&#8221;][\/vc_column][vc_column width=&#8221;1\/2&#8243;][vc_single_image image=&#8221;7119&#8243; img_size=&#8221;full&#8221;][\/vc_column][\/vc_row][vc_row css=&#8221;.vc_custom_1729776434297{margin-top: 30px !important;}&#8221;][vc_column width=&#8221;1\/2&#8243;][vc_single_image image=&#8221;7125&#8243; img_size=&#8221;full&#8221;][\/vc_column][\/vc_row]<\/p>\n<\/div>","protected":false},"excerpt":{"rendered":"<p>[vc_row css=&#8221;.vc_custom_1729776419935{margin-top: 40px !important;}&#8221;][vc_column][vc_column_text css=&#8221;&#8221;] Exhibition at Splot Gallery, Sopot In September, Splot Gallery hosted the remarkable exhibition \u201cNorth Goes South \u2013 Waste We Didn\u2019t Create\u201d, as part of the W Ramach Sopotu Photography Festival. The city of Sopot presented works by the Ghanaian collective of artists and activists \u2013 THE REVIVAL. Through photography, installations, &hellip;<\/p>\n","protected":false},"author":1,"featured_media":6384,"parent":0,"menu_order":0,"comment_status":"closed","ping_status":"closed","template":"","meta":{"_acf_changed":false,"inline_featured_image":false,"footnotes":""},"class_list":["post-7117","page","type-page","status-publish","has-post-thumbnail","hentry"],"acf":[],"yoast_head":"<!-- This site is optimized with the Yoast SEO plugin v24.6 - https:\/\/yoast.com\/wordpress\/plugins\/seo\/ -->\n<title>Migaloo Home Recycling Workshop North Goes South \u2013 Waste We Didn\u2019t Create - Migaloo Home<\/title>\n<meta name=\"robots\" content=\"index, follow, max-snippet:-1, max-image-preview:large, max-video-preview:-1\" \/>\n<link rel=\"canonical\" href=\"https:\/\/migaloohome.com\/en\/migaloo-home-recycling-workshop-north-goes-south-waste-we-didnt-create\/\" \/>\n<meta property=\"og:locale\" content=\"en_US\" \/>\n<meta property=\"og:type\" content=\"article\" \/>\n<meta property=\"og:title\" content=\"Migaloo Home Recycling Workshop North Goes South \u2013 Waste We Didn\u2019t Create - Migaloo Home\" \/>\n<meta property=\"og:description\" content=\"[vc_row css=&#8221;.vc_custom_1729776419935{margin-top: 40px !important;}&#8221;][vc_column][vc_column_text css=&#8221;&#8221;] Exhibition at Splot Gallery, Sopot In September, Splot Gallery hosted the remarkable exhibition \u201cNorth Goes South \u2013 Waste We Didn\u2019t Create\u201d, as part of the W Ramach Sopotu Photography Festival. The city of Sopot presented works by the Ghanaian collective of artists and activists \u2013 THE REVIVAL. Through photography, installations, &hellip;\" \/>\n<meta property=\"og:url\" content=\"https:\/\/migaloohome.com\/en\/migaloo-home-recycling-workshop-north-goes-south-waste-we-didnt-create\/\" \/>\n<meta property=\"og:site_name\" content=\"Migaloo Home\" \/>\n<meta property=\"article:modified_time\" content=\"2025-09-02T07:10:08+00:00\" \/>\n<meta property=\"og:image\" content=\"https:\/\/migaloohome.com\/wp-content\/uploads\/2024\/10\/KLIF-GDYNIA-Klif-Design-Days-3-warsztaty-FB-Tempur2-1.jpg\" \/>\n\t<meta property=\"og:image:width\" content=\"1080\" \/>\n\t<meta property=\"og:image:height\" content=\"1080\" \/>\n\t<meta property=\"og:image:type\" content=\"image\/jpeg\" \/>\n<meta name=\"twitter:card\" content=\"summary_large_image\" \/>\n<meta name=\"twitter:label1\" content=\"Est. reading time\" \/>\n\t<meta name=\"twitter:data1\" content=\"3 minutes\" \/>\n<script type=\"application\/ld+json\" class=\"yoast-schema-graph\">{\"@context\":\"https:\/\/schema.org\",\"@graph\":[{\"@type\":\"WebPage\",\"@id\":\"https:\/\/migaloohome.com\/en\/migaloo-home-recycling-workshop-north-goes-south-waste-we-didnt-create\/\",\"url\":\"https:\/\/migaloohome.com\/en\/migaloo-home-recycling-workshop-north-goes-south-waste-we-didnt-create\/\",\"name\":\"Migaloo Home Recycling Workshop North Goes South \u2013 Waste We Didn\u2019t Create - Migaloo Home\",\"isPartOf\":{\"@id\":\"https:\/\/migaloohome.com\/#website\"},\"primaryImageOfPage\":{\"@id\":\"https:\/\/migaloohome.com\/en\/migaloo-home-recycling-workshop-north-goes-south-waste-we-didnt-create\/#primaryimage\"},\"image\":{\"@id\":\"https:\/\/migaloohome.com\/en\/migaloo-home-recycling-workshop-north-goes-south-waste-we-didnt-create\/#primaryimage\"},\"thumbnailUrl\":\"https:\/\/migaloohome.com\/wp-content\/uploads\/2024\/10\/KLIF-GDYNIA-Klif-Design-Days-3-warsztaty-FB-Tempur2-1.jpg\",\"datePublished\":\"2025-08-21T13:37:52+00:00\",\"dateModified\":\"2025-09-02T07:10:08+00:00\",\"breadcrumb\":{\"@id\":\"https:\/\/migaloohome.com\/en\/migaloo-home-recycling-workshop-north-goes-south-waste-we-didnt-create\/#breadcrumb\"},\"inLanguage\":\"en-US\",\"potentialAction\":[{\"@type\":\"ReadAction\",\"target\":[\"https:\/\/migaloohome.com\/en\/migaloo-home-recycling-workshop-north-goes-south-waste-we-didnt-create\/\"]}]},{\"@type\":\"ImageObject\",\"inLanguage\":\"en-US\",\"@id\":\"https:\/\/migaloohome.com\/en\/migaloo-home-recycling-workshop-north-goes-south-waste-we-didnt-create\/#primaryimage\",\"url\":\"https:\/\/migaloohome.com\/wp-content\/uploads\/2024\/10\/KLIF-GDYNIA-Klif-Design-Days-3-warsztaty-FB-Tempur2-1.jpg\",\"contentUrl\":\"https:\/\/migaloohome.com\/wp-content\/uploads\/2024\/10\/KLIF-GDYNIA-Klif-Design-Days-3-warsztaty-FB-Tempur2-1.jpg\",\"width\":1080,\"height\":1080,\"caption\":\"Monika B\u0142aszkowska za\u0142o\u017cycielka marki Migaloo home\"},{\"@type\":\"BreadcrumbList\",\"@id\":\"https:\/\/migaloohome.com\/en\/migaloo-home-recycling-workshop-north-goes-south-waste-we-didnt-create\/#breadcrumb\",\"itemListElement\":[{\"@type\":\"ListItem\",\"position\":1,\"name\":\"Strona g\u0142\u00f3wna\",\"item\":\"https:\/\/migaloohome.com\/en\/\"},{\"@type\":\"ListItem\",\"position\":2,\"name\":\"Migaloo Home Recycling Workshop North Goes South \u2013 Waste We Didn\u2019t Create\"}]},{\"@type\":\"WebSite\",\"@id\":\"https:\/\/migaloohome.com\/#website\",\"url\":\"https:\/\/migaloohome.com\/\",\"name\":\"Migaloo Home\",\"description\":\"Sophisticated interior design for home and public space. Unique, elegant, high quality furniture, lighting and other. Discover Migaloo Home Design.\",\"potentialAction\":[{\"@type\":\"SearchAction\",\"target\":{\"@type\":\"EntryPoint\",\"urlTemplate\":\"https:\/\/migaloohome.com\/?s={search_term_string}\"},\"query-input\":{\"@type\":\"PropertyValueSpecification\",\"valueRequired\":true,\"valueName\":\"search_term_string\"}}],\"inLanguage\":\"en-US\"}]}<\/script>\n<!-- \/ Yoast SEO plugin. -->","yoast_head_json":{"title":"Migaloo Home Recycling Workshop North Goes South \u2013 Waste We Didn\u2019t Create - Migaloo Home","robots":{"index":"index","follow":"follow","max-snippet":"max-snippet:-1","max-image-preview":"max-image-preview:large","max-video-preview":"max-video-preview:-1"},"canonical":"https:\/\/migaloohome.com\/en\/migaloo-home-recycling-workshop-north-goes-south-waste-we-didnt-create\/","og_locale":"en_US","og_type":"article","og_title":"Migaloo Home Recycling Workshop North Goes South \u2013 Waste We Didn\u2019t Create - Migaloo Home","og_description":"[vc_row css=&#8221;.vc_custom_1729776419935{margin-top: 40px !important;}&#8221;][vc_column][vc_column_text css=&#8221;&#8221;] Exhibition at Splot Gallery, Sopot In September, Splot Gallery hosted the remarkable exhibition \u201cNorth Goes South \u2013 Waste We Didn\u2019t Create\u201d, as part of the W Ramach Sopotu Photography Festival. The city of Sopot presented works by the Ghanaian collective of artists and activists \u2013 THE REVIVAL. Through photography, installations, &hellip;","og_url":"https:\/\/migaloohome.com\/en\/migaloo-home-recycling-workshop-north-goes-south-waste-we-didnt-create\/","og_site_name":"Migaloo Home","article_modified_time":"2025-09-02T07:10:08+00:00","og_image":[{"width":1080,"height":1080,"url":"https:\/\/migaloohome.com\/wp-content\/uploads\/2024\/10\/KLIF-GDYNIA-Klif-Design-Days-3-warsztaty-FB-Tempur2-1.jpg","type":"image\/jpeg"}],"twitter_card":"summary_large_image","twitter_misc":{"Est. reading time":"3 minutes"},"schema":{"@context":"https:\/\/schema.org","@graph":[{"@type":"WebPage","@id":"https:\/\/migaloohome.com\/en\/migaloo-home-recycling-workshop-north-goes-south-waste-we-didnt-create\/","url":"https:\/\/migaloohome.com\/en\/migaloo-home-recycling-workshop-north-goes-south-waste-we-didnt-create\/","name":"Migaloo Home Recycling Workshop North Goes South \u2013 Waste We Didn\u2019t Create - Migaloo Home","isPartOf":{"@id":"https:\/\/migaloohome.com\/#website"},"primaryImageOfPage":{"@id":"https:\/\/migaloohome.com\/en\/migaloo-home-recycling-workshop-north-goes-south-waste-we-didnt-create\/#primaryimage"},"image":{"@id":"https:\/\/migaloohome.com\/en\/migaloo-home-recycling-workshop-north-goes-south-waste-we-didnt-create\/#primaryimage"},"thumbnailUrl":"https:\/\/migaloohome.com\/wp-content\/uploads\/2024\/10\/KLIF-GDYNIA-Klif-Design-Days-3-warsztaty-FB-Tempur2-1.jpg","datePublished":"2025-08-21T13:37:52+00:00","dateModified":"2025-09-02T07:10:08+00:00","breadcrumb":{"@id":"https:\/\/migaloohome.com\/en\/migaloo-home-recycling-workshop-north-goes-south-waste-we-didnt-create\/#breadcrumb"},"inLanguage":"en-US","potentialAction":[{"@type":"ReadAction","target":["https:\/\/migaloohome.com\/en\/migaloo-home-recycling-workshop-north-goes-south-waste-we-didnt-create\/"]}]},{"@type":"ImageObject","inLanguage":"en-US","@id":"https:\/\/migaloohome.com\/en\/migaloo-home-recycling-workshop-north-goes-south-waste-we-didnt-create\/#primaryimage","url":"https:\/\/migaloohome.com\/wp-content\/uploads\/2024\/10\/KLIF-GDYNIA-Klif-Design-Days-3-warsztaty-FB-Tempur2-1.jpg","contentUrl":"https:\/\/migaloohome.com\/wp-content\/uploads\/2024\/10\/KLIF-GDYNIA-Klif-Design-Days-3-warsztaty-FB-Tempur2-1.jpg","width":1080,"height":1080,"caption":"Monika B\u0142aszkowska za\u0142o\u017cycielka marki Migaloo home"},{"@type":"BreadcrumbList","@id":"https:\/\/migaloohome.com\/en\/migaloo-home-recycling-workshop-north-goes-south-waste-we-didnt-create\/#breadcrumb","itemListElement":[{"@type":"ListItem","position":1,"name":"Strona g\u0142\u00f3wna","item":"https:\/\/migaloohome.com\/en\/"},{"@type":"ListItem","position":2,"name":"Migaloo Home Recycling Workshop North Goes South \u2013 Waste We Didn\u2019t Create"}]},{"@type":"WebSite","@id":"https:\/\/migaloohome.com\/#website","url":"https:\/\/migaloohome.com\/","name":"Migaloo Home","description":"Sophisticated interior design for home and public space. Unique, elegant, high quality furniture, lighting and other. Discover Migaloo Home Design.","potentialAction":[{"@type":"SearchAction","target":{"@type":"EntryPoint","urlTemplate":"https:\/\/migaloohome.com\/?s={search_term_string}"},"query-input":{"@type":"PropertyValueSpecification","valueRequired":true,"valueName":"search_term_string"}}],"inLanguage":"en-US"}]}},"_links":{"self":[{"href":"https:\/\/migaloohome.com\/en\/wp-json\/wp\/v2\/pages\/7117","targetHints":{"allow":["GET"]}}],"collection":[{"href":"https:\/\/migaloohome.com\/en\/wp-json\/wp\/v2\/pages"}],"about":[{"href":"https:\/\/migaloohome.com\/en\/wp-json\/wp\/v2\/types\/page"}],"author":[{"embeddable":true,"href":"https:\/\/migaloohome.com\/en\/wp-json\/wp\/v2\/users\/1"}],"replies":[{"embeddable":true,"href":"https:\/\/migaloohome.com\/en\/wp-json\/wp\/v2\/comments?post=7117"}],"version-history":[{"count":3,"href":"https:\/\/migaloohome.com\/en\/wp-json\/wp\/v2\/pages\/7117\/revisions"}],"predecessor-version":[{"id":7222,"href":"https:\/\/migaloohome.com\/en\/wp-json\/wp\/v2\/pages\/7117\/revisions\/7222"}],"wp:featuredmedia":[{"embeddable":true,"href":"https:\/\/migaloohome.com\/en\/wp-json\/wp\/v2\/media\/6384"}],"wp:attachment":[{"href":"https:\/\/migaloohome.com\/en\/wp-json\/wp\/v2\/media?parent=7117"}],"curies":[{"name":"wp","href":"https:\/\/api.w.org\/{rel}","templated":true}]}}