{"id":4776,"date":"2022-12-29T11:05:47","date_gmt":"2022-12-29T10:05:47","guid":{"rendered":"https:\/\/migaloohome.com\/?post_type=product&#038;p=4776"},"modified":"2024-03-05T14:04:52","modified_gmt":"2024-03-05T13:04:52","slug":"stolik-kawowy-cork-decor-black-stelaz-x","status":"publish","type":"product","link":"https:\/\/migaloohome.com\/en\/produkt\/stolik-kawowy-cork-decor-black-stelaz-x\/","title":{"rendered":"stolik kawowy cork decor black + stela\u017c X"},"content":{"rendered":"<p>ekologiczny stolik kawowy okr\u0105g\u0142y, o \u015brednicy 60 cm, blat wykonany r\u0119cznie z ekologicznej p\u0142yty meblowej cork decor. Materia\u0142 opatentowany pozwalaj\u0105cy na wykorzystanie odpadu produkcyjnego jakim s\u0105 skrawki naturalnego korka \u0142\u0105czonego z ekologiczn\u0105 \u017cywic\u0105 . Ka\u017cdy blat jest niepowtarzalny, wykonany przez artyst\u0119 w organicznym laboratorium Migaloo home. Materia\u0142 \u0142atwo si\u0119 konserwuje oraz odnawia, istnieje mo\u017cliwo\u015b\u0107 wykonania blatu na dowolny wymiar.<\/p>\n<p>Autor patentu na materia\u0142 ekologiczny cork decor : Monika B\u0142aszkowska<\/p>\n<p>Stopie\u0144 po\u0142ysku powierzchni roboczej : matowy , stela\u017c stalowy malowany proszkowo na kolor czarny, stopie\u0144 po\u0142ysku satyna.<\/p>\n<p>wysoko\u015b\u0107 stolika z blatem 45cm,<\/p>\n","protected":false},"excerpt":{"rendered":"<p>stolik kawowy okr\u0105g\u0142y o \u015brednicy 60 cm, blat wykonany r\u0119cznie z ekologicznej p\u0142yty cork decor. Materia\u0142 opatentowany pozwalaj\u0105cy na wykorzystanie odpadu produkcyjnego jakim s\u0105 skrawki naturalnego korka \u0142\u0105czonego z ekologiczn\u0105 \u017cywic\u0105 . Ka\u017cdy blat jest inny, wykonany przez artyst\u0119 w organicznym laboratorium Migaloo home. Materia\u0142 \u0142atwo si\u0119 konserwuje oraz odnawia, istnieje mo\u017cliwo\u015b\u0107 wykonania blatu na dowolny wymiar. Stopie\u0144 po\u0142ysku : matowy , stela\u017c stalowy malowany proszkowo na kolor czarny, stopie\u0144 po\u0142ysku satyna<\/p>\n","protected":false},"featured_media":5022,"template":"","meta":{"_acf_changed":false,"inline_featured_image":false},"product_brand":[],"product_cat":[292],"product_tag":[305,300,307,306,303,304],"class_list":{"0":"post-4776","1":"product","2":"type-product","3":"status-publish","4":"has-post-thumbnail","6":"product_cat-stoliki-kawowe","7":"product_tag-eco-design","8":"product_tag-eco-furniture","9":"product_tag-modern-home","10":"product_tag-site-table","11":"product_tag-stolik-kawowy-czarny","12":"product_tag-stolik-loft","14":"first","15":"instock","16":"taxable","17":"shipping-taxable","18":"purchasable","19":"product-type-simple"},"acf":[],"yoast_head":"<!-- This site is optimized with the Yoast SEO plugin v24.6 - https:\/\/yoast.com\/wordpress\/plugins\/seo\/ -->\n<title>Czarny stolik kawowy z \u017cywicy handmade na stela\u017cu metalowym X - Migaloo Home<\/title>\n<meta name=\"robots\" content=\"index, follow, max-snippet:-1, max-image-preview:large, max-video-preview:-1\" \/>\n<link rel=\"canonical\" href=\"https:\/\/migaloohome.com\/produkt\/stolik-kawowy-cork-decor-black-stelaz-x\/\" \/>\n<meta property=\"og:locale\" content=\"en_US\" \/>\n<meta property=\"og:type\" content=\"article\" \/>\n<meta property=\"og:title\" content=\"Czarny stolik kawowy z \u017cywicy handmade na stela\u017cu metalowym X - Migaloo Home\" \/>\n<meta property=\"og:description\" content=\"stolik kawowy okr\u0105g\u0142y o \u015brednicy 60 cm, blat wykonany r\u0119cznie z ekologicznej p\u0142yty cork decor. Materia\u0142 opatentowany pozwalaj\u0105cy na wykorzystanie odpadu produkcyjnego jakim s\u0105 skrawki naturalnego korka \u0142\u0105czonego z ekologiczn\u0105 \u017cywic\u0105 . Ka\u017cdy blat jest inny, wykonany przez artyst\u0119 w organicznym laboratorium Migaloo home. Materia\u0142 \u0142atwo si\u0119 konserwuje oraz odnawia, istnieje mo\u017cliwo\u015b\u0107 wykonania blatu na dowolny wymiar. Stopie\u0144 po\u0142ysku : matowy , stela\u017c stalowy malowany proszkowo na kolor czarny, stopie\u0144 po\u0142ysku satyna\" \/>\n<meta property=\"og:url\" content=\"https:\/\/migaloohome.com\/produkt\/stolik-kawowy-cork-decor-black-stelaz-x\/\" \/>\n<meta property=\"og:site_name\" content=\"Migaloo Home\" \/>\n<meta property=\"article:modified_time\" content=\"2024-03-05T13:04:52+00:00\" \/>\n<meta property=\"og:image\" content=\"https:\/\/migaloohome.com\/wp-content\/uploads\/2022\/12\/stolik-kawowy-cork-black-x.jpg\" \/>\n\t<meta property=\"og:image:width\" content=\"1346\" \/>\n\t<meta property=\"og:image:height\" content=\"1670\" \/>\n\t<meta property=\"og:image:type\" content=\"image\/jpeg\" \/>\n<meta name=\"twitter:card\" content=\"summary_large_image\" \/>\n<meta name=\"twitter:label1\" content=\"Est. reading time\" \/>\n\t<meta name=\"twitter:data1\" content=\"1 minute\" \/>\n<script type=\"application\/ld+json\" class=\"yoast-schema-graph\">{\"@context\":\"https:\/\/schema.org\",\"@graph\":[{\"@type\":\"WebPage\",\"@id\":\"https:\/\/migaloohome.com\/produkt\/stolik-kawowy-cork-decor-black-stelaz-x\/\",\"url\":\"https:\/\/migaloohome.com\/produkt\/stolik-kawowy-cork-decor-black-stelaz-x\/\",\"name\":\"Czarny stolik kawowy z \u017cywicy handmade na stela\u017cu metalowym X - Migaloo Home\",\"isPartOf\":{\"@id\":\"https:\/\/migaloohome.com\/#website\"},\"primaryImageOfPage\":{\"@id\":\"https:\/\/migaloohome.com\/produkt\/stolik-kawowy-cork-decor-black-stelaz-x\/#primaryimage\"},\"image\":{\"@id\":\"https:\/\/migaloohome.com\/produkt\/stolik-kawowy-cork-decor-black-stelaz-x\/#primaryimage\"},\"thumbnailUrl\":\"https:\/\/migaloohome.com\/wp-content\/uploads\/2022\/12\/stolik-kawowy-cork-black-x.jpg\",\"datePublished\":\"2022-12-29T10:05:47+00:00\",\"dateModified\":\"2024-03-05T13:04:52+00:00\",\"breadcrumb\":{\"@id\":\"https:\/\/migaloohome.com\/produkt\/stolik-kawowy-cork-decor-black-stelaz-x\/#breadcrumb\"},\"inLanguage\":\"en-US\",\"potentialAction\":[{\"@type\":\"ReadAction\",\"target\":[\"https:\/\/migaloohome.com\/produkt\/stolik-kawowy-cork-decor-black-stelaz-x\/\"]}]},{\"@type\":\"ImageObject\",\"inLanguage\":\"en-US\",\"@id\":\"https:\/\/migaloohome.com\/produkt\/stolik-kawowy-cork-decor-black-stelaz-x\/#primaryimage\",\"url\":\"https:\/\/migaloohome.com\/wp-content\/uploads\/2022\/12\/stolik-kawowy-cork-black-x.jpg\",\"contentUrl\":\"https:\/\/migaloohome.com\/wp-content\/uploads\/2022\/12\/stolik-kawowy-cork-black-x.jpg\",\"width\":1346,\"height\":1670},{\"@type\":\"BreadcrumbList\",\"@id\":\"https:\/\/migaloohome.com\/produkt\/stolik-kawowy-cork-decor-black-stelaz-x\/#breadcrumb\",\"itemListElement\":[{\"@type\":\"ListItem\",\"position\":1,\"name\":\"Strona g\u0142\u00f3wna\",\"item\":\"https:\/\/migaloohome.com\/en\/\"},{\"@type\":\"ListItem\",\"position\":2,\"name\":\"Shop\",\"item\":\"https:\/\/migaloohome.com\/en\/products\/\"},{\"@type\":\"ListItem\",\"position\":3,\"name\":\"stolik kawowy cork decor black + stela\u017c X\"}]},{\"@type\":\"WebSite\",\"@id\":\"https:\/\/migaloohome.com\/#website\",\"url\":\"https:\/\/migaloohome.com\/\",\"name\":\"Migaloo Home\",\"description\":\"Sophisticated interior design for home and public space. Unique, elegant, high quality furniture, lighting and other. Discover Migaloo Home Design.\",\"potentialAction\":[{\"@type\":\"SearchAction\",\"target\":{\"@type\":\"EntryPoint\",\"urlTemplate\":\"https:\/\/migaloohome.com\/?s={search_term_string}\"},\"query-input\":{\"@type\":\"PropertyValueSpecification\",\"valueRequired\":true,\"valueName\":\"search_term_string\"}}],\"inLanguage\":\"en-US\"}]}<\/script>\n<!-- \/ Yoast SEO plugin. -->","yoast_head_json":{"title":"Czarny stolik kawowy z \u017cywicy handmade na stela\u017cu metalowym X - Migaloo Home","robots":{"index":"index","follow":"follow","max-snippet":"max-snippet:-1","max-image-preview":"max-image-preview:large","max-video-preview":"max-video-preview:-1"},"canonical":"https:\/\/migaloohome.com\/produkt\/stolik-kawowy-cork-decor-black-stelaz-x\/","og_locale":"en_US","og_type":"article","og_title":"Czarny stolik kawowy z \u017cywicy handmade na stela\u017cu metalowym X - Migaloo Home","og_description":"stolik kawowy okr\u0105g\u0142y o \u015brednicy 60 cm, blat wykonany r\u0119cznie z ekologicznej p\u0142yty cork decor. Materia\u0142 opatentowany pozwalaj\u0105cy na wykorzystanie odpadu produkcyjnego jakim s\u0105 skrawki naturalnego korka \u0142\u0105czonego z ekologiczn\u0105 \u017cywic\u0105 . Ka\u017cdy blat jest inny, wykonany przez artyst\u0119 w organicznym laboratorium Migaloo home. Materia\u0142 \u0142atwo si\u0119 konserwuje oraz odnawia, istnieje mo\u017cliwo\u015b\u0107 wykonania blatu na dowolny wymiar. Stopie\u0144 po\u0142ysku : matowy , stela\u017c stalowy malowany proszkowo na kolor czarny, stopie\u0144 po\u0142ysku satyna","og_url":"https:\/\/migaloohome.com\/produkt\/stolik-kawowy-cork-decor-black-stelaz-x\/","og_site_name":"Migaloo Home","article_modified_time":"2024-03-05T13:04:52+00:00","og_image":[{"width":1346,"height":1670,"url":"https:\/\/migaloohome.com\/wp-content\/uploads\/2022\/12\/stolik-kawowy-cork-black-x.jpg","type":"image\/jpeg"}],"twitter_card":"summary_large_image","twitter_misc":{"Est. reading time":"1 minute"},"schema":{"@context":"https:\/\/schema.org","@graph":[{"@type":"WebPage","@id":"https:\/\/migaloohome.com\/produkt\/stolik-kawowy-cork-decor-black-stelaz-x\/","url":"https:\/\/migaloohome.com\/produkt\/stolik-kawowy-cork-decor-black-stelaz-x\/","name":"Czarny stolik kawowy z \u017cywicy handmade na stela\u017cu metalowym X - Migaloo Home","isPartOf":{"@id":"https:\/\/migaloohome.com\/#website"},"primaryImageOfPage":{"@id":"https:\/\/migaloohome.com\/produkt\/stolik-kawowy-cork-decor-black-stelaz-x\/#primaryimage"},"image":{"@id":"https:\/\/migaloohome.com\/produkt\/stolik-kawowy-cork-decor-black-stelaz-x\/#primaryimage"},"thumbnailUrl":"https:\/\/migaloohome.com\/wp-content\/uploads\/2022\/12\/stolik-kawowy-cork-black-x.jpg","datePublished":"2022-12-29T10:05:47+00:00","dateModified":"2024-03-05T13:04:52+00:00","breadcrumb":{"@id":"https:\/\/migaloohome.com\/produkt\/stolik-kawowy-cork-decor-black-stelaz-x\/#breadcrumb"},"inLanguage":"en-US","potentialAction":[{"@type":"ReadAction","target":["https:\/\/migaloohome.com\/produkt\/stolik-kawowy-cork-decor-black-stelaz-x\/"]}]},{"@type":"ImageObject","inLanguage":"en-US","@id":"https:\/\/migaloohome.com\/produkt\/stolik-kawowy-cork-decor-black-stelaz-x\/#primaryimage","url":"https:\/\/migaloohome.com\/wp-content\/uploads\/2022\/12\/stolik-kawowy-cork-black-x.jpg","contentUrl":"https:\/\/migaloohome.com\/wp-content\/uploads\/2022\/12\/stolik-kawowy-cork-black-x.jpg","width":1346,"height":1670},{"@type":"BreadcrumbList","@id":"https:\/\/migaloohome.com\/produkt\/stolik-kawowy-cork-decor-black-stelaz-x\/#breadcrumb","itemListElement":[{"@type":"ListItem","position":1,"name":"Strona g\u0142\u00f3wna","item":"https:\/\/migaloohome.com\/en\/"},{"@type":"ListItem","position":2,"name":"Shop","item":"https:\/\/migaloohome.com\/en\/products\/"},{"@type":"ListItem","position":3,"name":"stolik kawowy cork decor black + stela\u017c X"}]},{"@type":"WebSite","@id":"https:\/\/migaloohome.com\/#website","url":"https:\/\/migaloohome.com\/","name":"Migaloo Home","description":"Sophisticated interior design for home and public space. Unique, elegant, high quality furniture, lighting and other. Discover Migaloo Home Design.","potentialAction":[{"@type":"SearchAction","target":{"@type":"EntryPoint","urlTemplate":"https:\/\/migaloohome.com\/?s={search_term_string}"},"query-input":{"@type":"PropertyValueSpecification","valueRequired":true,"valueName":"search_term_string"}}],"inLanguage":"en-US"}]}},"_links":{"self":[{"href":"https:\/\/migaloohome.com\/en\/wp-json\/wp\/v2\/product\/4776","targetHints":{"allow":["GET"]}}],"collection":[{"href":"https:\/\/migaloohome.com\/en\/wp-json\/wp\/v2\/product"}],"about":[{"href":"https:\/\/migaloohome.com\/en\/wp-json\/wp\/v2\/types\/product"}],"wp:featuredmedia":[{"embeddable":true,"href":"https:\/\/migaloohome.com\/en\/wp-json\/wp\/v2\/media\/5022"}],"wp:attachment":[{"href":"https:\/\/migaloohome.com\/en\/wp-json\/wp\/v2\/media?parent=4776"}],"wp:term":[{"taxonomy":"product_brand","embeddable":true,"href":"https:\/\/migaloohome.com\/en\/wp-json\/wp\/v2\/product_brand?post=4776"},{"taxonomy":"product_cat","embeddable":true,"href":"https:\/\/migaloohome.com\/en\/wp-json\/wp\/v2\/product_cat?post=4776"},{"taxonomy":"product_tag","embeddable":true,"href":"https:\/\/migaloohome.com\/en\/wp-json\/wp\/v2\/product_tag?post=4776"}],"curies":[{"name":"wp","href":"https:\/\/api.w.org\/{rel}","templated":true}]}}