{"id":5087,"date":"2023-01-23T12:30:07","date_gmt":"2023-01-23T11:30:07","guid":{"rendered":"https:\/\/migaloohome.com\/?post_type=product&#038;p=5087"},"modified":"2024-03-05T14:11:38","modified_gmt":"2024-03-05T13:11:38","slug":"stolik-kawowy-plastryko-brick-fi-60-cm-stelaz","status":"publish","type":"product","link":"https:\/\/migaloohome.com\/en\/produkt\/stolik-kawowy-plastryko-brick-fi-60-cm-stelaz\/","title":{"rendered":"stolik kawowy Plastryko Brick fi 60 cm  + stela\u017c slim"},"content":{"rendered":"<p><span style=\"font-family: Arial;\">Stolik kawowy na stela\u017cu metalowym okr\u0105g\u0142y. Ekologiczny blat z oczyszczonego mia\u0142u PET, odporny na zarysowania i soki spo\u017cywcze.<\/span><\/p>\n<p><span style=\"font-family: Arial;\">Na jeden blat stolika w pracowni Migaloo home zosta\u0142o zmielone 2 kg kolorowych nakr\u0119tek. Blat odporny na wysok\u0105 temperatur\u0119 gor\u0105cych napoj\u00f3w i potraw.<br \/>\n<\/span><\/p>\n<p><span style=\"font-family: Arial;\">Stopie\u0144 wyko\u0144czenia powierzchni &#8211; matowa satyna, kolor stela\u017cu czarny matowy.<\/span><\/p>\n","protected":false},"excerpt":{"rendered":"<p><span style=\"font-family: Arial;\">Stolik kawowy na stela\u017cu metalowym okr\u0105g\u0142y. Ekologiczny blat z oczyszczonego mia\u0142u PET, odporny na zarysowania i soki spo\u017cywcze.<\/span><\/p>\n<p><span style=\"font-family: Arial;\">Na jeden blat stolika w pracowni Migaloo home zosta\u0142o zmielone 2 kg kolorowych nakr\u0119tek. Blat odporny na wysok\u0105 temperatur\u0119 gor\u0105cych napoj\u00f3w i potraw.<br \/>\n<\/span><\/p>\n<p><span style=\"font-family: Arial;\">Stopie\u0144 wyko\u0144czenia powierzchni &#8211; matowa satyna, kolor stela\u017cu czarny matowy.<\/span><\/p>\n","protected":false},"featured_media":5088,"template":"","meta":{"_acf_changed":false,"inline_featured_image":false},"product_brand":[],"product_cat":[292],"product_tag":[308,313,314,311,312],"class_list":{"0":"post-5087","1":"product","2":"type-product","3":"status-publish","4":"has-post-thumbnail","6":"product_cat-stoliki-kawowe","7":"product_tag-coffe-table-eco","8":"product_tag-ekologiczne-meble","9":"product_tag-loft-design","10":"product_tag-organic-design","11":"product_tag-stolik-kawowy-drewniany","12":"product_shipping_class-kurier-50","14":"first","15":"instock","16":"taxable","17":"shipping-taxable","18":"purchasable","19":"product-type-simple"},"acf":[],"yoast_head":"<!-- This site is optimized with the Yoast SEO plugin v24.6 - https:\/\/yoast.com\/wordpress\/plugins\/seo\/ -->\n<title>Okr\u0105g\u0142y stolik kawowy Plastryko Brick fi 60 cm na stela\u017cu metalowym - Migaloo Home<\/title>\n<meta name=\"description\" content=\"Blat z ekologicznej p\u0142yty Plastryko wykonany w pracowni Migaloo home.Produkt opatentowany przez firm\u0119 Migaloo home\" \/>\n<meta name=\"robots\" content=\"index, follow, max-snippet:-1, max-image-preview:large, max-video-preview:-1\" \/>\n<link rel=\"canonical\" href=\"https:\/\/migaloohome.com\/produkt\/stolik-kawowy-plastryko-brick-fi-60-cm-stelaz\/\" \/>\n<meta property=\"og:locale\" content=\"en_US\" \/>\n<meta property=\"og:type\" content=\"article\" \/>\n<meta property=\"og:title\" content=\"Okr\u0105g\u0142y stolik kawowy Plastryko Brick fi 60 cm na stela\u017cu metalowym - Migaloo Home\" \/>\n<meta property=\"og:description\" content=\"Blat z ekologicznej p\u0142yty Plastryko wykonany w pracowni Migaloo home.Produkt opatentowany przez firm\u0119 Migaloo home\" \/>\n<meta property=\"og:url\" content=\"https:\/\/migaloohome.com\/produkt\/stolik-kawowy-plastryko-brick-fi-60-cm-stelaz\/\" \/>\n<meta property=\"og:site_name\" content=\"Migaloo Home\" \/>\n<meta property=\"article:modified_time\" content=\"2024-03-05T13:11:38+00:00\" \/>\n<meta property=\"og:image\" content=\"https:\/\/migaloohome.com\/wp-content\/uploads\/2023\/01\/blaty-na-wymiar-produkt-brick.jpg\" \/>\n\t<meta property=\"og:image:width\" content=\"1346\" \/>\n\t<meta property=\"og:image:height\" content=\"1670\" \/>\n\t<meta property=\"og:image:type\" content=\"image\/jpeg\" \/>\n<meta name=\"twitter:card\" content=\"summary_large_image\" \/>\n<meta name=\"twitter:label1\" content=\"Est. reading time\" \/>\n\t<meta name=\"twitter:data1\" content=\"1 minute\" \/>\n<script type=\"application\/ld+json\" class=\"yoast-schema-graph\">{\"@context\":\"https:\/\/schema.org\",\"@graph\":[{\"@type\":\"WebPage\",\"@id\":\"https:\/\/migaloohome.com\/produkt\/stolik-kawowy-plastryko-brick-fi-60-cm-stelaz\/\",\"url\":\"https:\/\/migaloohome.com\/produkt\/stolik-kawowy-plastryko-brick-fi-60-cm-stelaz\/\",\"name\":\"Okr\u0105g\u0142y stolik kawowy Plastryko Brick fi 60 cm na stela\u017cu metalowym - Migaloo Home\",\"isPartOf\":{\"@id\":\"https:\/\/migaloohome.com\/#website\"},\"primaryImageOfPage\":{\"@id\":\"https:\/\/migaloohome.com\/produkt\/stolik-kawowy-plastryko-brick-fi-60-cm-stelaz\/#primaryimage\"},\"image\":{\"@id\":\"https:\/\/migaloohome.com\/produkt\/stolik-kawowy-plastryko-brick-fi-60-cm-stelaz\/#primaryimage\"},\"thumbnailUrl\":\"https:\/\/migaloohome.com\/wp-content\/uploads\/2023\/01\/blaty-na-wymiar-produkt-brick.jpg\",\"datePublished\":\"2023-01-23T11:30:07+00:00\",\"dateModified\":\"2024-03-05T13:11:38+00:00\",\"description\":\"Blat z ekologicznej p\u0142yty Plastryko wykonany w pracowni Migaloo home.Produkt opatentowany przez firm\u0119 Migaloo home\",\"breadcrumb\":{\"@id\":\"https:\/\/migaloohome.com\/produkt\/stolik-kawowy-plastryko-brick-fi-60-cm-stelaz\/#breadcrumb\"},\"inLanguage\":\"en-US\",\"potentialAction\":[{\"@type\":\"ReadAction\",\"target\":[\"https:\/\/migaloohome.com\/produkt\/stolik-kawowy-plastryko-brick-fi-60-cm-stelaz\/\"]}]},{\"@type\":\"ImageObject\",\"inLanguage\":\"en-US\",\"@id\":\"https:\/\/migaloohome.com\/produkt\/stolik-kawowy-plastryko-brick-fi-60-cm-stelaz\/#primaryimage\",\"url\":\"https:\/\/migaloohome.com\/wp-content\/uploads\/2023\/01\/blaty-na-wymiar-produkt-brick.jpg\",\"contentUrl\":\"https:\/\/migaloohome.com\/wp-content\/uploads\/2023\/01\/blaty-na-wymiar-produkt-brick.jpg\",\"width\":1346,\"height\":1670},{\"@type\":\"BreadcrumbList\",\"@id\":\"https:\/\/migaloohome.com\/produkt\/stolik-kawowy-plastryko-brick-fi-60-cm-stelaz\/#breadcrumb\",\"itemListElement\":[{\"@type\":\"ListItem\",\"position\":1,\"name\":\"Strona g\u0142\u00f3wna\",\"item\":\"https:\/\/migaloohome.com\/en\/\"},{\"@type\":\"ListItem\",\"position\":2,\"name\":\"Shop\",\"item\":\"https:\/\/migaloohome.com\/en\/products\/\"},{\"@type\":\"ListItem\",\"position\":3,\"name\":\"stolik kawowy Plastryko Brick fi 60 cm + stela\u017c slim\"}]},{\"@type\":\"WebSite\",\"@id\":\"https:\/\/migaloohome.com\/#website\",\"url\":\"https:\/\/migaloohome.com\/\",\"name\":\"Migaloo Home\",\"description\":\"Sophisticated interior design for home and public space. Unique, elegant, high quality furniture, lighting and other. Discover Migaloo Home Design.\",\"potentialAction\":[{\"@type\":\"SearchAction\",\"target\":{\"@type\":\"EntryPoint\",\"urlTemplate\":\"https:\/\/migaloohome.com\/?s={search_term_string}\"},\"query-input\":{\"@type\":\"PropertyValueSpecification\",\"valueRequired\":true,\"valueName\":\"search_term_string\"}}],\"inLanguage\":\"en-US\"}]}<\/script>\n<!-- \/ Yoast SEO plugin. -->","yoast_head_json":{"title":"Okr\u0105g\u0142y stolik kawowy Plastryko Brick fi 60 cm na stela\u017cu metalowym - Migaloo Home","description":"Blat z ekologicznej p\u0142yty Plastryko wykonany w pracowni Migaloo home.Produkt opatentowany przez firm\u0119 Migaloo home","robots":{"index":"index","follow":"follow","max-snippet":"max-snippet:-1","max-image-preview":"max-image-preview:large","max-video-preview":"max-video-preview:-1"},"canonical":"https:\/\/migaloohome.com\/produkt\/stolik-kawowy-plastryko-brick-fi-60-cm-stelaz\/","og_locale":"en_US","og_type":"article","og_title":"Okr\u0105g\u0142y stolik kawowy Plastryko Brick fi 60 cm na stela\u017cu metalowym - Migaloo Home","og_description":"Blat z ekologicznej p\u0142yty Plastryko wykonany w pracowni Migaloo home.Produkt opatentowany przez firm\u0119 Migaloo home","og_url":"https:\/\/migaloohome.com\/produkt\/stolik-kawowy-plastryko-brick-fi-60-cm-stelaz\/","og_site_name":"Migaloo Home","article_modified_time":"2024-03-05T13:11:38+00:00","og_image":[{"width":1346,"height":1670,"url":"https:\/\/migaloohome.com\/wp-content\/uploads\/2023\/01\/blaty-na-wymiar-produkt-brick.jpg","type":"image\/jpeg"}],"twitter_card":"summary_large_image","twitter_misc":{"Est. reading time":"1 minute"},"schema":{"@context":"https:\/\/schema.org","@graph":[{"@type":"WebPage","@id":"https:\/\/migaloohome.com\/produkt\/stolik-kawowy-plastryko-brick-fi-60-cm-stelaz\/","url":"https:\/\/migaloohome.com\/produkt\/stolik-kawowy-plastryko-brick-fi-60-cm-stelaz\/","name":"Okr\u0105g\u0142y stolik kawowy Plastryko Brick fi 60 cm na stela\u017cu metalowym - Migaloo Home","isPartOf":{"@id":"https:\/\/migaloohome.com\/#website"},"primaryImageOfPage":{"@id":"https:\/\/migaloohome.com\/produkt\/stolik-kawowy-plastryko-brick-fi-60-cm-stelaz\/#primaryimage"},"image":{"@id":"https:\/\/migaloohome.com\/produkt\/stolik-kawowy-plastryko-brick-fi-60-cm-stelaz\/#primaryimage"},"thumbnailUrl":"https:\/\/migaloohome.com\/wp-content\/uploads\/2023\/01\/blaty-na-wymiar-produkt-brick.jpg","datePublished":"2023-01-23T11:30:07+00:00","dateModified":"2024-03-05T13:11:38+00:00","description":"Blat z ekologicznej p\u0142yty Plastryko wykonany w pracowni Migaloo home.Produkt opatentowany przez firm\u0119 Migaloo home","breadcrumb":{"@id":"https:\/\/migaloohome.com\/produkt\/stolik-kawowy-plastryko-brick-fi-60-cm-stelaz\/#breadcrumb"},"inLanguage":"en-US","potentialAction":[{"@type":"ReadAction","target":["https:\/\/migaloohome.com\/produkt\/stolik-kawowy-plastryko-brick-fi-60-cm-stelaz\/"]}]},{"@type":"ImageObject","inLanguage":"en-US","@id":"https:\/\/migaloohome.com\/produkt\/stolik-kawowy-plastryko-brick-fi-60-cm-stelaz\/#primaryimage","url":"https:\/\/migaloohome.com\/wp-content\/uploads\/2023\/01\/blaty-na-wymiar-produkt-brick.jpg","contentUrl":"https:\/\/migaloohome.com\/wp-content\/uploads\/2023\/01\/blaty-na-wymiar-produkt-brick.jpg","width":1346,"height":1670},{"@type":"BreadcrumbList","@id":"https:\/\/migaloohome.com\/produkt\/stolik-kawowy-plastryko-brick-fi-60-cm-stelaz\/#breadcrumb","itemListElement":[{"@type":"ListItem","position":1,"name":"Strona g\u0142\u00f3wna","item":"https:\/\/migaloohome.com\/en\/"},{"@type":"ListItem","position":2,"name":"Shop","item":"https:\/\/migaloohome.com\/en\/products\/"},{"@type":"ListItem","position":3,"name":"stolik kawowy Plastryko Brick fi 60 cm + stela\u017c slim"}]},{"@type":"WebSite","@id":"https:\/\/migaloohome.com\/#website","url":"https:\/\/migaloohome.com\/","name":"Migaloo Home","description":"Sophisticated interior design for home and public space. Unique, elegant, high quality furniture, lighting and other. Discover Migaloo Home Design.","potentialAction":[{"@type":"SearchAction","target":{"@type":"EntryPoint","urlTemplate":"https:\/\/migaloohome.com\/?s={search_term_string}"},"query-input":{"@type":"PropertyValueSpecification","valueRequired":true,"valueName":"search_term_string"}}],"inLanguage":"en-US"}]}},"_links":{"self":[{"href":"https:\/\/migaloohome.com\/en\/wp-json\/wp\/v2\/product\/5087","targetHints":{"allow":["GET"]}}],"collection":[{"href":"https:\/\/migaloohome.com\/en\/wp-json\/wp\/v2\/product"}],"about":[{"href":"https:\/\/migaloohome.com\/en\/wp-json\/wp\/v2\/types\/product"}],"wp:featuredmedia":[{"embeddable":true,"href":"https:\/\/migaloohome.com\/en\/wp-json\/wp\/v2\/media\/5088"}],"wp:attachment":[{"href":"https:\/\/migaloohome.com\/en\/wp-json\/wp\/v2\/media?parent=5087"}],"wp:term":[{"taxonomy":"product_brand","embeddable":true,"href":"https:\/\/migaloohome.com\/en\/wp-json\/wp\/v2\/product_brand?post=5087"},{"taxonomy":"product_cat","embeddable":true,"href":"https:\/\/migaloohome.com\/en\/wp-json\/wp\/v2\/product_cat?post=5087"},{"taxonomy":"product_tag","embeddable":true,"href":"https:\/\/migaloohome.com\/en\/wp-json\/wp\/v2\/product_tag?post=5087"}],"curies":[{"name":"wp","href":"https:\/\/api.w.org\/{rel}","templated":true}]}}