{"id":5328,"date":"2024-03-14T08:05:46","date_gmt":"2024-03-14T07:05:46","guid":{"rendered":"https:\/\/migaloohome.com\/?post_type=product&#038;p=5328"},"modified":"2024-03-21T15:48:08","modified_gmt":"2024-03-21T14:48:08","slug":"parameteryczny-blat-plastryko-2","status":"publish","type":"product","link":"https:\/\/migaloohome.com\/en\/produkt\/parameteryczny-blat-plastryko-2\/","title":{"rendered":"Parameteryczny blat &#8211; Plastryko<br>3100 z\u0142\/m\u00b2"},"content":{"rendered":"<p><strong>PLASTRYKO<\/strong>\u00a0Ekologiczna p\u0142yta meblowa r\u0119cznie robiona ze zmielonych butelek PET i nakr\u0119tek.<br \/>\n<strong>g\u0142\u00f3wne cechy:<\/strong><br \/>\n\u2013 odporno\u015b\u0107 na wod\u0119,<br \/>\n\u2013 powierzchni\u0119 mo\u017cna czy\u015bci\u0107 zwyk\u0142ymi domowymi \u015brodkami czysto\u015bci,<br \/>\n\u2013 odporno\u015b\u0107 na \u015bcieranie,<br \/>\n\u2013 zarysowania (bardzo \u0142atwe odnawianie powierzchni),<br \/>\n\u2013 odporno\u015b\u0107 na przebarwienia od sok\u00f3w owocowych, czerwonego wina, przypraw,<br \/>\n\u2013 mo\u017cliwo\u015b\u0107 dezynfekcji p\u0142ynami z alkoholem i \u015brodkami takimi jak domestos,<br \/>\n\u2013 \u0142atwo\u015b\u0107 odnawiania poprzez szlifowanie i ponowne woskowanie,<br \/>\n\u2013 odporno\u015b\u0107 na przebarwienia,<br \/>\n\u2013 odporno\u015b\u0107 na temperatur\u0119<br \/>\n\u2013 bezpiecze\u0144stwo po\u017carowe calss C s2 d2<br \/>\nProsta i jednocze\u015bnie trwa\u0142a powierzchnia do mebli codziennego u\u017cytku.<br \/>\n\u2013 sto\u0142y i blaty<br \/>\n\u2013 recepcje<br \/>\n\u2013 fronty meblowe<br \/>\n\u2013 ok\u0142adziny \u015bcienne<br \/>\n\u2013 blaty kuchenne<br \/>\nMo\u017cliwo\u015b\u0107 wykonania w kilku grubo\u015bciach.<\/p>\n","protected":false},"excerpt":{"rendered":"<p>&nbsp;<\/p>\n<p><a href=\"https:\/\/migaloohome.com\/wp-content\/uploads\/2024\/03\/Plastryko_logo.png\"><img loading=\"lazy\" decoding=\"async\" class=\"size-full wp-image-5339 alignnone\" src=\"https:\/\/migaloohome.com\/wp-content\/uploads\/2024\/03\/Plastryko_logo.png\" alt=\"\" width=\"300\" height=\"68\" \/><\/a><\/p>\n<p>Produkt posiada unikalne w\u0142a\u015bciwo\u015bci u\u017cytkowe.<br \/>\nJego g\u0142\u00f3wnym sk\u0142adnikiem (ponad 65% wagowo) jest plastik z butelek PET.<br \/>\nProdukt wykonany jest w duchu \u2013 zero waste. Przy jego produkcji nie u\u017cywamy<br \/>\nwody, kt\u00f3ra ma ogromne znaczenie dla naszej planety. Nie emituje dwutlenku w\u0119gla.<\/p>\n","protected":false},"featured_media":5018,"template":"","meta":{"_acf_changed":false,"inline_featured_image":false},"product_brand":[],"product_cat":[285],"product_tag":[],"class_list":{"0":"post-5328","1":"product","2":"type-product","3":"status-publish","4":"has-post-thumbnail","6":"product_cat-konfigurator-online-blaty-na-wymiar","8":"first","9":"instock","10":"taxable","11":"shipping-taxable","12":"purchasable","13":"product-type-variable"},"acf":[],"yoast_head":"<!-- This site is optimized with the Yoast SEO plugin v24.6 - https:\/\/yoast.com\/wordpress\/plugins\/seo\/ -->\n<title>Blat z plastiku Plastryko na wymiar, p\u0142yta ekologiczna meblowa - Migaloo Home<\/title>\n<meta name=\"robots\" content=\"index, follow, max-snippet:-1, max-image-preview:large, max-video-preview:-1\" \/>\n<link rel=\"canonical\" href=\"https:\/\/migaloohome.com\/produkt\/parameteryczny-blat-plastryko-2\/\" \/>\n<meta property=\"og:locale\" content=\"en_US\" \/>\n<meta property=\"og:type\" content=\"article\" \/>\n<meta property=\"og:title\" content=\"Blat z plastiku Plastryko na wymiar, p\u0142yta ekologiczna meblowa - Migaloo Home\" \/>\n<meta property=\"og:description\" content=\"&nbsp;    Produkt posiada unikalne w\u0142a\u015bciwo\u015bci u\u017cytkowe. Jego g\u0142\u00f3wnym sk\u0142adnikiem (ponad 65% wagowo) jest plastik z butelek PET. Produkt wykonany jest w duchu \u2013 zero waste. Przy jego produkcji nie u\u017cywamy wody, kt\u00f3ra ma ogromne znaczenie dla naszej planety. Nie emituje dwutlenku w\u0119gla.\" \/>\n<meta property=\"og:url\" content=\"https:\/\/migaloohome.com\/produkt\/parameteryczny-blat-plastryko-2\/\" \/>\n<meta property=\"og:site_name\" content=\"Migaloo Home\" \/>\n<meta property=\"article:modified_time\" content=\"2024-03-21T14:48:08+00:00\" \/>\n<meta property=\"og:image\" content=\"https:\/\/migaloohome.com\/wp-content\/uploads\/2023\/01\/blaty-na-wymiar-plastryko.jpg\" \/>\n\t<meta property=\"og:image:width\" content=\"1346\" \/>\n\t<meta property=\"og:image:height\" content=\"1670\" \/>\n\t<meta property=\"og:image:type\" content=\"image\/jpeg\" \/>\n<meta name=\"twitter:card\" content=\"summary_large_image\" \/>\n<meta name=\"twitter:label1\" content=\"Est. reading time\" \/>\n\t<meta name=\"twitter:data1\" content=\"1 minute\" \/>\n<script type=\"application\/ld+json\" class=\"yoast-schema-graph\">{\"@context\":\"https:\/\/schema.org\",\"@graph\":[{\"@type\":\"WebPage\",\"@id\":\"https:\/\/migaloohome.com\/produkt\/parameteryczny-blat-plastryko-2\/\",\"url\":\"https:\/\/migaloohome.com\/produkt\/parameteryczny-blat-plastryko-2\/\",\"name\":\"Blat z plastiku Plastryko na wymiar, p\u0142yta ekologiczna meblowa - Migaloo Home\",\"isPartOf\":{\"@id\":\"https:\/\/migaloohome.com\/#website\"},\"primaryImageOfPage\":{\"@id\":\"https:\/\/migaloohome.com\/produkt\/parameteryczny-blat-plastryko-2\/#primaryimage\"},\"image\":{\"@id\":\"https:\/\/migaloohome.com\/produkt\/parameteryczny-blat-plastryko-2\/#primaryimage\"},\"thumbnailUrl\":\"https:\/\/migaloohome.com\/wp-content\/uploads\/2023\/01\/blaty-na-wymiar-plastryko.jpg\",\"datePublished\":\"2024-03-14T07:05:46+00:00\",\"dateModified\":\"2024-03-21T14:48:08+00:00\",\"breadcrumb\":{\"@id\":\"https:\/\/migaloohome.com\/produkt\/parameteryczny-blat-plastryko-2\/#breadcrumb\"},\"inLanguage\":\"en-US\",\"potentialAction\":[{\"@type\":\"ReadAction\",\"target\":[\"https:\/\/migaloohome.com\/produkt\/parameteryczny-blat-plastryko-2\/\"]}]},{\"@type\":\"ImageObject\",\"inLanguage\":\"en-US\",\"@id\":\"https:\/\/migaloohome.com\/produkt\/parameteryczny-blat-plastryko-2\/#primaryimage\",\"url\":\"https:\/\/migaloohome.com\/wp-content\/uploads\/2023\/01\/blaty-na-wymiar-plastryko.jpg\",\"contentUrl\":\"https:\/\/migaloohome.com\/wp-content\/uploads\/2023\/01\/blaty-na-wymiar-plastryko.jpg\",\"width\":1346,\"height\":1670},{\"@type\":\"BreadcrumbList\",\"@id\":\"https:\/\/migaloohome.com\/produkt\/parameteryczny-blat-plastryko-2\/#breadcrumb\",\"itemListElement\":[{\"@type\":\"ListItem\",\"position\":1,\"name\":\"Strona g\u0142\u00f3wna\",\"item\":\"https:\/\/migaloohome.com\/en\/\"},{\"@type\":\"ListItem\",\"position\":2,\"name\":\"Shop\",\"item\":\"https:\/\/migaloohome.com\/en\/products\/\"},{\"@type\":\"ListItem\",\"position\":3,\"name\":\"Parameteryczny blat &#8211; Plastryko3100 z\u0142\/m\u00b2\"}]},{\"@type\":\"WebSite\",\"@id\":\"https:\/\/migaloohome.com\/#website\",\"url\":\"https:\/\/migaloohome.com\/\",\"name\":\"Migaloo Home\",\"description\":\"Sophisticated interior design for home and public space. Unique, elegant, high quality furniture, lighting and other. Discover Migaloo Home Design.\",\"potentialAction\":[{\"@type\":\"SearchAction\",\"target\":{\"@type\":\"EntryPoint\",\"urlTemplate\":\"https:\/\/migaloohome.com\/?s={search_term_string}\"},\"query-input\":{\"@type\":\"PropertyValueSpecification\",\"valueRequired\":true,\"valueName\":\"search_term_string\"}}],\"inLanguage\":\"en-US\"}]}<\/script>\n<!-- \/ Yoast SEO plugin. -->","yoast_head_json":{"title":"Blat z plastiku Plastryko na wymiar, p\u0142yta ekologiczna meblowa - Migaloo Home","robots":{"index":"index","follow":"follow","max-snippet":"max-snippet:-1","max-image-preview":"max-image-preview:large","max-video-preview":"max-video-preview:-1"},"canonical":"https:\/\/migaloohome.com\/produkt\/parameteryczny-blat-plastryko-2\/","og_locale":"en_US","og_type":"article","og_title":"Blat z plastiku Plastryko na wymiar, p\u0142yta ekologiczna meblowa - Migaloo Home","og_description":"&nbsp;    Produkt posiada unikalne w\u0142a\u015bciwo\u015bci u\u017cytkowe. Jego g\u0142\u00f3wnym sk\u0142adnikiem (ponad 65% wagowo) jest plastik z butelek PET. Produkt wykonany jest w duchu \u2013 zero waste. Przy jego produkcji nie u\u017cywamy wody, kt\u00f3ra ma ogromne znaczenie dla naszej planety. Nie emituje dwutlenku w\u0119gla.","og_url":"https:\/\/migaloohome.com\/produkt\/parameteryczny-blat-plastryko-2\/","og_site_name":"Migaloo Home","article_modified_time":"2024-03-21T14:48:08+00:00","og_image":[{"width":1346,"height":1670,"url":"https:\/\/migaloohome.com\/wp-content\/uploads\/2023\/01\/blaty-na-wymiar-plastryko.jpg","type":"image\/jpeg"}],"twitter_card":"summary_large_image","twitter_misc":{"Est. reading time":"1 minute"},"schema":{"@context":"https:\/\/schema.org","@graph":[{"@type":"WebPage","@id":"https:\/\/migaloohome.com\/produkt\/parameteryczny-blat-plastryko-2\/","url":"https:\/\/migaloohome.com\/produkt\/parameteryczny-blat-plastryko-2\/","name":"Blat z plastiku Plastryko na wymiar, p\u0142yta ekologiczna meblowa - Migaloo Home","isPartOf":{"@id":"https:\/\/migaloohome.com\/#website"},"primaryImageOfPage":{"@id":"https:\/\/migaloohome.com\/produkt\/parameteryczny-blat-plastryko-2\/#primaryimage"},"image":{"@id":"https:\/\/migaloohome.com\/produkt\/parameteryczny-blat-plastryko-2\/#primaryimage"},"thumbnailUrl":"https:\/\/migaloohome.com\/wp-content\/uploads\/2023\/01\/blaty-na-wymiar-plastryko.jpg","datePublished":"2024-03-14T07:05:46+00:00","dateModified":"2024-03-21T14:48:08+00:00","breadcrumb":{"@id":"https:\/\/migaloohome.com\/produkt\/parameteryczny-blat-plastryko-2\/#breadcrumb"},"inLanguage":"en-US","potentialAction":[{"@type":"ReadAction","target":["https:\/\/migaloohome.com\/produkt\/parameteryczny-blat-plastryko-2\/"]}]},{"@type":"ImageObject","inLanguage":"en-US","@id":"https:\/\/migaloohome.com\/produkt\/parameteryczny-blat-plastryko-2\/#primaryimage","url":"https:\/\/migaloohome.com\/wp-content\/uploads\/2023\/01\/blaty-na-wymiar-plastryko.jpg","contentUrl":"https:\/\/migaloohome.com\/wp-content\/uploads\/2023\/01\/blaty-na-wymiar-plastryko.jpg","width":1346,"height":1670},{"@type":"BreadcrumbList","@id":"https:\/\/migaloohome.com\/produkt\/parameteryczny-blat-plastryko-2\/#breadcrumb","itemListElement":[{"@type":"ListItem","position":1,"name":"Strona g\u0142\u00f3wna","item":"https:\/\/migaloohome.com\/en\/"},{"@type":"ListItem","position":2,"name":"Shop","item":"https:\/\/migaloohome.com\/en\/products\/"},{"@type":"ListItem","position":3,"name":"Parameteryczny blat &#8211; Plastryko3100 z\u0142\/m\u00b2"}]},{"@type":"WebSite","@id":"https:\/\/migaloohome.com\/#website","url":"https:\/\/migaloohome.com\/","name":"Migaloo Home","description":"Sophisticated interior design for home and public space. Unique, elegant, high quality furniture, lighting and other. Discover Migaloo Home Design.","potentialAction":[{"@type":"SearchAction","target":{"@type":"EntryPoint","urlTemplate":"https:\/\/migaloohome.com\/?s={search_term_string}"},"query-input":{"@type":"PropertyValueSpecification","valueRequired":true,"valueName":"search_term_string"}}],"inLanguage":"en-US"}]}},"_links":{"self":[{"href":"https:\/\/migaloohome.com\/en\/wp-json\/wp\/v2\/product\/5328","targetHints":{"allow":["GET"]}}],"collection":[{"href":"https:\/\/migaloohome.com\/en\/wp-json\/wp\/v2\/product"}],"about":[{"href":"https:\/\/migaloohome.com\/en\/wp-json\/wp\/v2\/types\/product"}],"wp:featuredmedia":[{"embeddable":true,"href":"https:\/\/migaloohome.com\/en\/wp-json\/wp\/v2\/media\/5018"}],"wp:attachment":[{"href":"https:\/\/migaloohome.com\/en\/wp-json\/wp\/v2\/media?parent=5328"}],"wp:term":[{"taxonomy":"product_brand","embeddable":true,"href":"https:\/\/migaloohome.com\/en\/wp-json\/wp\/v2\/product_brand?post=5328"},{"taxonomy":"product_cat","embeddable":true,"href":"https:\/\/migaloohome.com\/en\/wp-json\/wp\/v2\/product_cat?post=5328"},{"taxonomy":"product_tag","embeddable":true,"href":"https:\/\/migaloohome.com\/en\/wp-json\/wp\/v2\/product_tag?post=5328"}],"curies":[{"name":"wp","href":"https:\/\/api.w.org\/{rel}","templated":true}]}}