{"id":5366,"date":"2024-03-17T10:44:51","date_gmt":"2024-03-17T09:44:51","guid":{"rendered":"https:\/\/migaloohome.com\/?post_type=product&#038;p=5366"},"modified":"2024-03-21T15:48:52","modified_gmt":"2024-03-21T14:48:52","slug":"parameteryczny-blat-nod-2","status":"publish","type":"product","link":"https:\/\/migaloohome.com\/en\/produkt\/parameteryczny-blat-nod-2\/","title":{"rendered":"Parameteryczny blat &#8211; N\u00f8d<br>3200 z\u0142\/m\u00b2"},"content":{"rendered":"<p>Ekologiczna p\u0142yta meblowa wykonana r\u0119cznie ze szlifowanych \u0142upin orzecha w\u0142oskiego i barwionej \u017cywicy.<br \/>\n<strong>g\u0142\u00f3wne cechy:<\/strong><br \/>\n\u2013 odporno\u015b\u0107 na wod\u0119,<br \/>\n\u2013 powierzchnia, kt\u00f3r\u0105 mo\u017cna czy\u015bci\u0107 za pomoc\u0105 zwyk\u0142ych domowych<br \/>\n\u015brodk\u00f3w czyszcz\u0105cych,<br \/>\n\u2013 odporno\u015b\u0107 na \u015bcieranie,<br \/>\n\u2013 odporno\u015b\u0107 na zarysowania (bardzo \u0142atwe odnawianie powierzchni),<br \/>\n\u2013 odporno\u015b\u0107 na przebarwienia od sok\u00f3w owocowych, czerwonego wina, przypraw,<br \/>\n\u2013 mo\u017cliwo\u015b\u0107 dezynfekcji p\u0142ynami z alkoholem oraz \u015brodkami takimi jak domestos,<br \/>\n\u2013 \u0142atwo\u015b\u0107 odnawiania poprzez szlifowanie i ponowne woskowanie,<br \/>\n\u2013 odporno\u015b\u0107 na przebarwienia,<br \/>\n\u2013 odporno\u015b\u0107 na temperatur\u0119 \u2013 mo\u017ce by\u0107 stosowany jako blat w kuchni<br \/>\n\u2013 bezpiecze\u0144stwo po\u017carowe klasa C s2 d2<\/p>\n<p>Prosta, a zarazem trwa\u0142a powierzchnia dla mebli codziennego u\u017cytku takich jak:<br \/>\n\u2013 sto\u0142y i blaty<br \/>\n\u2013 recepcje<br \/>\n\u2013 fronty meblowe<br \/>\n\u2013 ok\u0142adziny \u015bcienne<br \/>\n\u2013 blaty kuchenne<br \/>\nMo\u017cliwo\u015b\u0107 wykonania w kilku grubo\u015bciach.<\/p>\n","protected":false},"excerpt":{"rendered":"<p><a href=\"https:\/\/migaloohome.com\/wp-content\/uploads\/2024\/03\/nod_logo.webp\"><img loading=\"lazy\" decoding=\"async\" class=\" wp-image-5375 alignnone\" src=\"https:\/\/migaloohome.com\/wp-content\/uploads\/2024\/03\/nod_logo.webp\" alt=\"\" width=\"368\" height=\"169\" srcset=\"https:\/\/migaloohome.com\/wp-content\/uploads\/2024\/03\/nod_logo.webp 819w, https:\/\/migaloohome.com\/wp-content\/uploads\/2024\/03\/nod_logo-300x138.webp 300w, https:\/\/migaloohome.com\/wp-content\/uploads\/2024\/03\/nod_logo-768x353.webp 768w, https:\/\/migaloohome.com\/wp-content\/uploads\/2024\/03\/nod_logo-350x161.webp 350w, https:\/\/migaloohome.com\/wp-content\/uploads\/2024\/03\/nod_logo-595x273.webp 595w\" sizes=\"auto, (max-width: 368px) 100vw, 368px\" \/><\/a><\/p>\n<p>P\u0142yta meblowa z ODPAD\u00d3W BIO, kt\u00f3ra jest trwa\u0142a jak blat mineralny, ale mo\u017cna j\u0105\u00a0\u0142atwo ci\u0105\u0107 zwyk\u0142ymi narz\u0119dziami stolarskimi.<br \/>\nNiezwykle ci\u0119\u017cka do zarysowania. Mo\u017ce by\u0107 wystawiona na dzia\u0142anie silnego \u015bwiat\u0142a s\u0142onecznego \u2014 nie ulega zniszczeniu, nie zmienia koloru.<\/p>\n","protected":false},"featured_media":5020,"template":"","meta":{"_acf_changed":false,"inline_featured_image":false},"product_brand":[],"product_cat":[285],"product_tag":[],"class_list":{"0":"post-5366","1":"product","2":"type-product","3":"status-publish","4":"has-post-thumbnail","6":"product_cat-konfigurator-online-blaty-na-wymiar","7":"product_shipping_class-individual-cost","9":"first","10":"instock","11":"taxable","12":"shipping-taxable","13":"purchasable","14":"product-type-variable","15":"has-default-attributes"},"acf":[],"yoast_head":"<!-- This site is optimized with the Yoast SEO plugin v24.6 - https:\/\/yoast.com\/wordpress\/plugins\/seo\/ -->\n<title>Blat mineralny z \u017cywicy N\u00f8d na wymiar, p\u0142yta ekologiczna meblowa - Migaloo Home<\/title>\n<meta name=\"robots\" content=\"index, follow, max-snippet:-1, max-image-preview:large, max-video-preview:-1\" \/>\n<link rel=\"canonical\" href=\"https:\/\/migaloohome.com\/produkt\/parameteryczny-blat-nod-2\/\" \/>\n<meta property=\"og:locale\" content=\"en_US\" \/>\n<meta property=\"og:type\" content=\"article\" \/>\n<meta property=\"og:title\" content=\"Blat mineralny z \u017cywicy N\u00f8d na wymiar, p\u0142yta ekologiczna meblowa - Migaloo Home\" \/>\n<meta property=\"og:description\" content=\"P\u0142yta meblowa z ODPAD\u00d3W BIO, kt\u00f3ra jest trwa\u0142a jak blat mineralny, ale mo\u017cna j\u0105\u00a0\u0142atwo ci\u0105\u0107 zwyk\u0142ymi narz\u0119dziami stolarskimi. Niezwykle ci\u0119\u017cka do zarysowania. Mo\u017ce by\u0107 wystawiona na dzia\u0142anie silnego \u015bwiat\u0142a s\u0142onecznego \u2014 nie ulega zniszczeniu, nie zmienia koloru.\" \/>\n<meta property=\"og:url\" content=\"https:\/\/migaloohome.com\/produkt\/parameteryczny-blat-nod-2\/\" \/>\n<meta property=\"og:site_name\" content=\"Migaloo Home\" \/>\n<meta property=\"article:modified_time\" content=\"2024-03-21T14:48:52+00:00\" \/>\n<meta property=\"og:image\" content=\"https:\/\/migaloohome.com\/wp-content\/uploads\/2022\/09\/blaty-na-wymiar-nod.jpg\" \/>\n\t<meta property=\"og:image:width\" content=\"1346\" \/>\n\t<meta property=\"og:image:height\" content=\"1670\" \/>\n\t<meta property=\"og:image:type\" content=\"image\/jpeg\" \/>\n<meta name=\"twitter:card\" content=\"summary_large_image\" \/>\n<meta name=\"twitter:label1\" content=\"Est. reading time\" \/>\n\t<meta name=\"twitter:data1\" content=\"1 minute\" \/>\n<script type=\"application\/ld+json\" class=\"yoast-schema-graph\">{\"@context\":\"https:\/\/schema.org\",\"@graph\":[{\"@type\":\"WebPage\",\"@id\":\"https:\/\/migaloohome.com\/produkt\/parameteryczny-blat-nod-2\/\",\"url\":\"https:\/\/migaloohome.com\/produkt\/parameteryczny-blat-nod-2\/\",\"name\":\"Blat mineralny z \u017cywicy N\u00f8d na wymiar, p\u0142yta ekologiczna meblowa - Migaloo Home\",\"isPartOf\":{\"@id\":\"https:\/\/migaloohome.com\/#website\"},\"primaryImageOfPage\":{\"@id\":\"https:\/\/migaloohome.com\/produkt\/parameteryczny-blat-nod-2\/#primaryimage\"},\"image\":{\"@id\":\"https:\/\/migaloohome.com\/produkt\/parameteryczny-blat-nod-2\/#primaryimage\"},\"thumbnailUrl\":\"https:\/\/migaloohome.com\/wp-content\/uploads\/2022\/09\/blaty-na-wymiar-nod.jpg\",\"datePublished\":\"2024-03-17T09:44:51+00:00\",\"dateModified\":\"2024-03-21T14:48:52+00:00\",\"breadcrumb\":{\"@id\":\"https:\/\/migaloohome.com\/produkt\/parameteryczny-blat-nod-2\/#breadcrumb\"},\"inLanguage\":\"en-US\",\"potentialAction\":[{\"@type\":\"ReadAction\",\"target\":[\"https:\/\/migaloohome.com\/produkt\/parameteryczny-blat-nod-2\/\"]}]},{\"@type\":\"ImageObject\",\"inLanguage\":\"en-US\",\"@id\":\"https:\/\/migaloohome.com\/produkt\/parameteryczny-blat-nod-2\/#primaryimage\",\"url\":\"https:\/\/migaloohome.com\/wp-content\/uploads\/2022\/09\/blaty-na-wymiar-nod.jpg\",\"contentUrl\":\"https:\/\/migaloohome.com\/wp-content\/uploads\/2022\/09\/blaty-na-wymiar-nod.jpg\",\"width\":1346,\"height\":1670},{\"@type\":\"BreadcrumbList\",\"@id\":\"https:\/\/migaloohome.com\/produkt\/parameteryczny-blat-nod-2\/#breadcrumb\",\"itemListElement\":[{\"@type\":\"ListItem\",\"position\":1,\"name\":\"Strona g\u0142\u00f3wna\",\"item\":\"https:\/\/migaloohome.com\/en\/\"},{\"@type\":\"ListItem\",\"position\":2,\"name\":\"Shop\",\"item\":\"https:\/\/migaloohome.com\/en\/products\/\"},{\"@type\":\"ListItem\",\"position\":3,\"name\":\"Parameteryczny blat &#8211; N\u00f8d3200 z\u0142\/m\u00b2\"}]},{\"@type\":\"WebSite\",\"@id\":\"https:\/\/migaloohome.com\/#website\",\"url\":\"https:\/\/migaloohome.com\/\",\"name\":\"Migaloo Home\",\"description\":\"Sophisticated interior design for home and public space. Unique, elegant, high quality furniture, lighting and other. Discover Migaloo Home Design.\",\"potentialAction\":[{\"@type\":\"SearchAction\",\"target\":{\"@type\":\"EntryPoint\",\"urlTemplate\":\"https:\/\/migaloohome.com\/?s={search_term_string}\"},\"query-input\":{\"@type\":\"PropertyValueSpecification\",\"valueRequired\":true,\"valueName\":\"search_term_string\"}}],\"inLanguage\":\"en-US\"}]}<\/script>\n<!-- \/ Yoast SEO plugin. -->","yoast_head_json":{"title":"Blat mineralny z \u017cywicy N\u00f8d na wymiar, p\u0142yta ekologiczna meblowa - Migaloo Home","robots":{"index":"index","follow":"follow","max-snippet":"max-snippet:-1","max-image-preview":"max-image-preview:large","max-video-preview":"max-video-preview:-1"},"canonical":"https:\/\/migaloohome.com\/produkt\/parameteryczny-blat-nod-2\/","og_locale":"en_US","og_type":"article","og_title":"Blat mineralny z \u017cywicy N\u00f8d na wymiar, p\u0142yta ekologiczna meblowa - Migaloo Home","og_description":"P\u0142yta meblowa z ODPAD\u00d3W BIO, kt\u00f3ra jest trwa\u0142a jak blat mineralny, ale mo\u017cna j\u0105\u00a0\u0142atwo ci\u0105\u0107 zwyk\u0142ymi narz\u0119dziami stolarskimi. Niezwykle ci\u0119\u017cka do zarysowania. Mo\u017ce by\u0107 wystawiona na dzia\u0142anie silnego \u015bwiat\u0142a s\u0142onecznego \u2014 nie ulega zniszczeniu, nie zmienia koloru.","og_url":"https:\/\/migaloohome.com\/produkt\/parameteryczny-blat-nod-2\/","og_site_name":"Migaloo Home","article_modified_time":"2024-03-21T14:48:52+00:00","og_image":[{"width":1346,"height":1670,"url":"https:\/\/migaloohome.com\/wp-content\/uploads\/2022\/09\/blaty-na-wymiar-nod.jpg","type":"image\/jpeg"}],"twitter_card":"summary_large_image","twitter_misc":{"Est. reading time":"1 minute"},"schema":{"@context":"https:\/\/schema.org","@graph":[{"@type":"WebPage","@id":"https:\/\/migaloohome.com\/produkt\/parameteryczny-blat-nod-2\/","url":"https:\/\/migaloohome.com\/produkt\/parameteryczny-blat-nod-2\/","name":"Blat mineralny z \u017cywicy N\u00f8d na wymiar, p\u0142yta ekologiczna meblowa - Migaloo Home","isPartOf":{"@id":"https:\/\/migaloohome.com\/#website"},"primaryImageOfPage":{"@id":"https:\/\/migaloohome.com\/produkt\/parameteryczny-blat-nod-2\/#primaryimage"},"image":{"@id":"https:\/\/migaloohome.com\/produkt\/parameteryczny-blat-nod-2\/#primaryimage"},"thumbnailUrl":"https:\/\/migaloohome.com\/wp-content\/uploads\/2022\/09\/blaty-na-wymiar-nod.jpg","datePublished":"2024-03-17T09:44:51+00:00","dateModified":"2024-03-21T14:48:52+00:00","breadcrumb":{"@id":"https:\/\/migaloohome.com\/produkt\/parameteryczny-blat-nod-2\/#breadcrumb"},"inLanguage":"en-US","potentialAction":[{"@type":"ReadAction","target":["https:\/\/migaloohome.com\/produkt\/parameteryczny-blat-nod-2\/"]}]},{"@type":"ImageObject","inLanguage":"en-US","@id":"https:\/\/migaloohome.com\/produkt\/parameteryczny-blat-nod-2\/#primaryimage","url":"https:\/\/migaloohome.com\/wp-content\/uploads\/2022\/09\/blaty-na-wymiar-nod.jpg","contentUrl":"https:\/\/migaloohome.com\/wp-content\/uploads\/2022\/09\/blaty-na-wymiar-nod.jpg","width":1346,"height":1670},{"@type":"BreadcrumbList","@id":"https:\/\/migaloohome.com\/produkt\/parameteryczny-blat-nod-2\/#breadcrumb","itemListElement":[{"@type":"ListItem","position":1,"name":"Strona g\u0142\u00f3wna","item":"https:\/\/migaloohome.com\/en\/"},{"@type":"ListItem","position":2,"name":"Shop","item":"https:\/\/migaloohome.com\/en\/products\/"},{"@type":"ListItem","position":3,"name":"Parameteryczny blat &#8211; N\u00f8d3200 z\u0142\/m\u00b2"}]},{"@type":"WebSite","@id":"https:\/\/migaloohome.com\/#website","url":"https:\/\/migaloohome.com\/","name":"Migaloo Home","description":"Sophisticated interior design for home and public space. Unique, elegant, high quality furniture, lighting and other. Discover Migaloo Home Design.","potentialAction":[{"@type":"SearchAction","target":{"@type":"EntryPoint","urlTemplate":"https:\/\/migaloohome.com\/?s={search_term_string}"},"query-input":{"@type":"PropertyValueSpecification","valueRequired":true,"valueName":"search_term_string"}}],"inLanguage":"en-US"}]}},"_links":{"self":[{"href":"https:\/\/migaloohome.com\/en\/wp-json\/wp\/v2\/product\/5366","targetHints":{"allow":["GET"]}}],"collection":[{"href":"https:\/\/migaloohome.com\/en\/wp-json\/wp\/v2\/product"}],"about":[{"href":"https:\/\/migaloohome.com\/en\/wp-json\/wp\/v2\/types\/product"}],"wp:featuredmedia":[{"embeddable":true,"href":"https:\/\/migaloohome.com\/en\/wp-json\/wp\/v2\/media\/5020"}],"wp:attachment":[{"href":"https:\/\/migaloohome.com\/en\/wp-json\/wp\/v2\/media?parent=5366"}],"wp:term":[{"taxonomy":"product_brand","embeddable":true,"href":"https:\/\/migaloohome.com\/en\/wp-json\/wp\/v2\/product_brand?post=5366"},{"taxonomy":"product_cat","embeddable":true,"href":"https:\/\/migaloohome.com\/en\/wp-json\/wp\/v2\/product_cat?post=5366"},{"taxonomy":"product_tag","embeddable":true,"href":"https:\/\/migaloohome.com\/en\/wp-json\/wp\/v2\/product_tag?post=5366"}],"curies":[{"name":"wp","href":"https:\/\/api.w.org\/{rel}","templated":true}]}}